{"id":31043,"date":"2025-09-26T10:08:45","date_gmt":"2025-09-26T07:08:45","guid":{"rendered":"https:\/\/kervanmagazacilik.com\/?post_type=product&#038;p=31043"},"modified":"2025-09-26T10:08:45","modified_gmt":"2025-09-26T07:08:45","slug":"10008ama0005","status":"publish","type":"product","link":"https:\/\/kervanmagazacilik.com\/index.php\/urun\/10008ama0005\/","title":{"rendered":"10008AMA0005"},"content":{"rendered":"<p>10008AMA0005<\/p>\n<p>TIGER LILY ( ACSS24-02 ) \u015eAL SETL\u0130 NEVRES\u0130M TAKIMI &#8211; 10 PR\u00c7. -\u00c7.K. ( 200*220 CM )<\/p>\n<p>30\u00b0C ELDE YIKAYIN, D\u00dc\u015e\u00dcK ISIDA \u00dcT\u00dcLEY\u0130N, \u00c7AMA\u015eIR SUYU KULLANMAYIN, KURUTMA MAK\u0130NES\u0130NDE KURUTMAYIN<br \/>\n\u015eAL SETL\u0130 NEVRES\u0130M TAKIMI 8 PAR\u00c7A- \u00c7\u0130FT K\u0130\u015e\u0130L\u0130K<br \/>\nNEVRES\u0130M \u00d6L\u00c7\u00dcS\u00dc : 200*220 CM<br \/>\nYATAK \u015eALI \u00d6L\u00c7\u00dcS\u00dc: 120*240 CM<br \/>\n1 adet 35*80 cm renkli k\u0131rlent<br \/>\n2 adet 50*50 cm renkli k\u0131rlent<br \/>\n1 adet yatak \u015fal\u0131<br \/>\n1 adet yorgan k\u0131l\u0131f\u0131<br \/>\n1 adet \u00e7ar\u015faf ( 240*260 cm )<br \/>\n2 adet yast\u0131k k\u0131l\u0131f\u0131 ( 50*70 cm )<br \/>\n% 100 Pamuk<\/p>\n","protected":false},"excerpt":{"rendered":"<p>10008AMA0005 TIGER LILY ( ACSS24-02 ) \u015eAL SETL\u0130 NEVRES\u0130M TAKIMI &#8211; 10 PR\u00c7. -\u00c7.K. ( 200*220 CM ) 30\u00b0C ELDE YIKAYIN, D\u00dc\u015e\u00dcK ISIDA \u00dcT\u00dcLEY\u0130N, \u00c7AMA\u015eIR SUYU KULLANMAYIN, KURUTMA MAK\u0130NES\u0130NDE KURUTMAYIN \u015eAL SETL\u0130 NEVRES\u0130M TAKIMI 8 PAR\u00c7A- \u00c7\u0130FT K\u0130\u015e\u0130L\u0130K NEVRES\u0130M \u00d6L\u00c7\u00dcS\u00dc : 200*220 CM YATAK \u015eALI \u00d6L\u00c7\u00dcS\u00dc: 120*240 CM 1 adet 35*80 cm renkli k\u0131rlent 2 [&hellip;]<\/p>\n","protected":false},"featured_media":31044,"template":"","meta":[],"product_brand":[],"product_cat":[2621],"product_tag":[6836],"class_list":{"0":"post-31043","1":"product","2":"type-product","3":"status-publish","4":"has-post-thumbnail","6":"product_cat-10005ama","7":"product_tag-10008ama0005","9":"first","10":"instock","11":"taxable","12":"shipping-taxable","13":"product-type-simple"},"_links":{"self":[{"href":"https:\/\/kervanmagazacilik.com\/index.php\/wp-json\/wp\/v2\/product\/31043","targetHints":{"allow":["GET"]}}],"collection":[{"href":"https:\/\/kervanmagazacilik.com\/index.php\/wp-json\/wp\/v2\/product"}],"about":[{"href":"https:\/\/kervanmagazacilik.com\/index.php\/wp-json\/wp\/v2\/types\/product"}],"wp:featuredmedia":[{"embeddable":true,"href":"https:\/\/kervanmagazacilik.com\/index.php\/wp-json\/wp\/v2\/media\/31044"}],"wp:attachment":[{"href":"https:\/\/kervanmagazacilik.com\/index.php\/wp-json\/wp\/v2\/media?parent=31043"}],"wp:term":[{"taxonomy":"product_brand","embeddable":true,"href":"https:\/\/kervanmagazacilik.com\/index.php\/wp-json\/wp\/v2\/product_brand?post=31043"},{"taxonomy":"product_cat","embeddable":true,"href":"https:\/\/kervanmagazacilik.com\/index.php\/wp-json\/wp\/v2\/product_cat?post=31043"},{"taxonomy":"product_tag","embeddable":true,"href":"https:\/\/kervanmagazacilik.com\/index.php\/wp-json\/wp\/v2\/product_tag?post=31043"}],"curies":[{"name":"wp","href":"https:\/\/api.w.org\/{rel}","templated":true}]}}