{"id":31020,"date":"2025-09-22T17:56:04","date_gmt":"2025-09-22T14:56:04","guid":{"rendered":"https:\/\/kervanmagazacilik.com\/?post_type=product&#038;p=31020"},"modified":"2025-09-22T17:56:04","modified_gmt":"2025-09-22T14:56:04","slug":"611cr0000047","status":"publish","type":"product","link":"https:\/\/kervanmagazacilik.com\/index.php\/urun\/611cr0000047\/","title":{"rendered":"611CR0000047"},"content":{"rendered":"<p>611CR0000047<\/p>\n<p>CAC7 KONSOL 2 KAP 3 CEK 40x150x90cm<\/p>\n<p>\u00d6zel Not :<br \/>\nUzun Not : MANGO A\u011eACI<br \/>\nStok A\u00e7\u0131klamalar\u0131 : A\u00e7yklama1 : MANGO A\u011eACI<br \/>\nA\u00e7yklama9 : H\u0130ND\u0130STAN&#8217;DA \u00dcRET\u0130LM\u0130\u015eT\u0130R<\/p>\n","protected":false},"excerpt":{"rendered":"<p>611CR0000047 CAC7 KONSOL 2 KAP 3 CEK 40x150x90cm \u00d6zel Not : Uzun Not : MANGO A\u011eACI Stok A\u00e7\u0131klamalar\u0131 : A\u00e7yklama1 : MANGO A\u011eACI A\u00e7yklama9 : H\u0130ND\u0130STAN&#8217;DA \u00dcRET\u0130LM\u0130\u015eT\u0130R<\/p>\n","protected":false},"featured_media":31021,"template":"","meta":[],"product_brand":[],"product_cat":[146],"product_tag":[6833],"class_list":{"0":"post-31020","1":"product","2":"type-product","3":"status-publish","4":"has-post-thumbnail","6":"product_cat-611cr","7":"product_tag-611cr0000047","9":"first","10":"instock","11":"taxable","12":"shipping-taxable","13":"product-type-simple"},"_links":{"self":[{"href":"https:\/\/kervanmagazacilik.com\/index.php\/wp-json\/wp\/v2\/product\/31020","targetHints":{"allow":["GET"]}}],"collection":[{"href":"https:\/\/kervanmagazacilik.com\/index.php\/wp-json\/wp\/v2\/product"}],"about":[{"href":"https:\/\/kervanmagazacilik.com\/index.php\/wp-json\/wp\/v2\/types\/product"}],"wp:featuredmedia":[{"embeddable":true,"href":"https:\/\/kervanmagazacilik.com\/index.php\/wp-json\/wp\/v2\/media\/31021"}],"wp:attachment":[{"href":"https:\/\/kervanmagazacilik.com\/index.php\/wp-json\/wp\/v2\/media?parent=31020"}],"wp:term":[{"taxonomy":"product_brand","embeddable":true,"href":"https:\/\/kervanmagazacilik.com\/index.php\/wp-json\/wp\/v2\/product_brand?post=31020"},{"taxonomy":"product_cat","embeddable":true,"href":"https:\/\/kervanmagazacilik.com\/index.php\/wp-json\/wp\/v2\/product_cat?post=31020"},{"taxonomy":"product_tag","embeddable":true,"href":"https:\/\/kervanmagazacilik.com\/index.php\/wp-json\/wp\/v2\/product_tag?post=31020"}],"curies":[{"name":"wp","href":"https:\/\/api.w.org\/{rel}","templated":true}]}}