{"id":31012,"date":"2025-09-17T16:38:24","date_gmt":"2025-09-17T13:38:24","guid":{"rendered":"https:\/\/kervanmagazacilik.com\/?post_type=product&#038;p=31012"},"modified":"2025-09-17T16:38:24","modified_gmt":"2025-09-17T13:38:24","slug":"759dcr000147","status":"publish","type":"product","link":"https:\/\/kervanmagazacilik.com\/index.php\/urun\/759dcr000147\/","title":{"rendered":"759DCR000147"},"content":{"rendered":"<p>759DCR000147<\/p>\n<p>F\u0130LL\u0130 AYAKLI DEKORAT\u0130F OBJE TURKUAZ 18&#215;26 CM<\/p>\n<p>\u00dcr\u00fcn materyali; camd\u0131r. Ayak metaldir. %100 el yap\u0131m\u0131d\u0131r.Nemli bir bez ile tozu al\u0131nmal\u0131d\u0131r. Bu \u00fcr\u00fcn ayn\u0131 zamanda duvar dekoru olarakta kullan\u0131labilir. \u00dcr\u00fcn\u00fcn arkas\u0131nda, duvara asma aparat\u0131 bulunmaktad\u0131r. Ayakl\u0131 metal par\u00e7a, d\u00f6nd\u00fcr\u00fclerek \u00e7\u0131kar\u0131labilir. Bu sayede \u00fcr\u00fcn\u00fc duvara asabilirsiniz.<\/p>\n","protected":false},"excerpt":{"rendered":"<p>759DCR000147 F\u0130LL\u0130 AYAKLI DEKORAT\u0130F OBJE TURKUAZ 18&#215;26 CM \u00dcr\u00fcn materyali; camd\u0131r. Ayak metaldir. %100 el yap\u0131m\u0131d\u0131r.Nemli bir bez ile tozu al\u0131nmal\u0131d\u0131r. Bu \u00fcr\u00fcn ayn\u0131 zamanda duvar dekoru olarakta kullan\u0131labilir. \u00dcr\u00fcn\u00fcn arkas\u0131nda, duvara asma aparat\u0131 bulunmaktad\u0131r. Ayakl\u0131 metal par\u00e7a, d\u00f6nd\u00fcr\u00fclerek \u00e7\u0131kar\u0131labilir. Bu sayede \u00fcr\u00fcn\u00fc duvara asabilirsiniz.<\/p>\n","protected":false},"featured_media":31013,"template":"","meta":[],"product_brand":[],"product_cat":[214],"product_tag":[6831],"class_list":{"0":"post-31012","1":"product","2":"type-product","3":"status-publish","4":"has-post-thumbnail","6":"product_cat-759dcr","7":"product_tag-759dcr000147","9":"first","10":"instock","11":"taxable","12":"shipping-taxable","13":"product-type-simple"},"_links":{"self":[{"href":"https:\/\/kervanmagazacilik.com\/index.php\/wp-json\/wp\/v2\/product\/31012","targetHints":{"allow":["GET"]}}],"collection":[{"href":"https:\/\/kervanmagazacilik.com\/index.php\/wp-json\/wp\/v2\/product"}],"about":[{"href":"https:\/\/kervanmagazacilik.com\/index.php\/wp-json\/wp\/v2\/types\/product"}],"wp:featuredmedia":[{"embeddable":true,"href":"https:\/\/kervanmagazacilik.com\/index.php\/wp-json\/wp\/v2\/media\/31013"}],"wp:attachment":[{"href":"https:\/\/kervanmagazacilik.com\/index.php\/wp-json\/wp\/v2\/media?parent=31012"}],"wp:term":[{"taxonomy":"product_brand","embeddable":true,"href":"https:\/\/kervanmagazacilik.com\/index.php\/wp-json\/wp\/v2\/product_brand?post=31012"},{"taxonomy":"product_cat","embeddable":true,"href":"https:\/\/kervanmagazacilik.com\/index.php\/wp-json\/wp\/v2\/product_cat?post=31012"},{"taxonomy":"product_tag","embeddable":true,"href":"https:\/\/kervanmagazacilik.com\/index.php\/wp-json\/wp\/v2\/product_tag?post=31012"}],"curies":[{"name":"wp","href":"https:\/\/api.w.org\/{rel}","templated":true}]}}