{"id":31001,"date":"2025-09-16T17:28:51","date_gmt":"2025-09-16T14:28:51","guid":{"rendered":"https:\/\/kervanmagazacilik.com\/?post_type=product&#038;p=31001"},"modified":"2025-09-17T13:56:02","modified_gmt":"2025-09-17T10:56:02","slug":"759dcr000151","status":"publish","type":"product","link":"https:\/\/kervanmagazacilik.com\/index.php\/urun\/759dcr000151\/","title":{"rendered":"759DCR000151"},"content":{"rendered":"<p>759DCR000151<\/p>\n<p>HAYAT A\u011eACI DUVAR DEKOR (BRONZ AYNALI NAZAR BONCUKLU) 27X27 CM<\/p>\n<p>\u00dcr\u00fcn materyali; camd\u0131r. \u00c7er\u00e7eve materyali; poli\u00fcretand\u0131r. %100 el yap\u0131m\u0131d\u0131r.Nemli bir bez ile tozu al\u0131nmal\u0131d\u0131r.<\/p>\n","protected":false},"excerpt":{"rendered":"<p>759DCR000151 HAYAT A\u011eACI DUVAR DEKOR (BRONZ AYNALI NAZAR BONCUKLU) 27X27 CM \u00dcr\u00fcn materyali; camd\u0131r. \u00c7er\u00e7eve materyali; poli\u00fcretand\u0131r. %100 el yap\u0131m\u0131d\u0131r.Nemli bir bez ile tozu al\u0131nmal\u0131d\u0131r.<\/p>\n","protected":false},"featured_media":31002,"template":"","meta":[],"product_brand":[],"product_cat":[214],"product_tag":[],"class_list":{"0":"post-31001","1":"product","2":"type-product","3":"status-publish","4":"has-post-thumbnail","6":"product_cat-759dcr","8":"first","9":"instock","10":"taxable","11":"shipping-taxable","12":"product-type-simple"},"_links":{"self":[{"href":"https:\/\/kervanmagazacilik.com\/index.php\/wp-json\/wp\/v2\/product\/31001","targetHints":{"allow":["GET"]}}],"collection":[{"href":"https:\/\/kervanmagazacilik.com\/index.php\/wp-json\/wp\/v2\/product"}],"about":[{"href":"https:\/\/kervanmagazacilik.com\/index.php\/wp-json\/wp\/v2\/types\/product"}],"wp:featuredmedia":[{"embeddable":true,"href":"https:\/\/kervanmagazacilik.com\/index.php\/wp-json\/wp\/v2\/media\/31002"}],"wp:attachment":[{"href":"https:\/\/kervanmagazacilik.com\/index.php\/wp-json\/wp\/v2\/media?parent=31001"}],"wp:term":[{"taxonomy":"product_brand","embeddable":true,"href":"https:\/\/kervanmagazacilik.com\/index.php\/wp-json\/wp\/v2\/product_brand?post=31001"},{"taxonomy":"product_cat","embeddable":true,"href":"https:\/\/kervanmagazacilik.com\/index.php\/wp-json\/wp\/v2\/product_cat?post=31001"},{"taxonomy":"product_tag","embeddable":true,"href":"https:\/\/kervanmagazacilik.com\/index.php\/wp-json\/wp\/v2\/product_tag?post=31001"}],"curies":[{"name":"wp","href":"https:\/\/api.w.org\/{rel}","templated":true}]}}