{"id":30956,"date":"2025-09-11T09:14:45","date_gmt":"2025-09-11T06:14:45","guid":{"rendered":"https:\/\/kervanmagazacilik.com\/?post_type=product&#038;p=30956"},"modified":"2025-09-11T09:14:46","modified_gmt":"2025-09-11T06:14:46","slug":"611abt000032","status":"publish","type":"product","link":"https:\/\/kervanmagazacilik.com\/index.php\/urun\/611abt000032\/","title":{"rendered":"611ABT000032"},"content":{"rendered":"<p>611ABT000032<\/p>\n<p>K\u0130NGSTON \u0130K\u0130L\u0130 KOLTUK 68x125x89cm HS9002<\/p>\n<p>%100 Polyester Bah\u00e7e Mobilyas\u0131 kuma\u015f\u0131<\/p>\n<p>\u00c7\u0130N&#8217;DE \u00dcRET\u0130LM\u0130\u015eT\u0130R<\/p>\n","protected":false},"excerpt":{"rendered":"<p>611ABT000032 K\u0130NGSTON \u0130K\u0130L\u0130 KOLTUK 68x125x89cm HS9002 %100 Polyester Bah\u00e7e Mobilyas\u0131 kuma\u015f\u0131 \u00c7\u0130N&#8217;DE \u00dcRET\u0130LM\u0130\u015eT\u0130R<\/p>\n","protected":false},"featured_media":30955,"template":"","meta":[],"product_brand":[],"product_cat":[96],"product_tag":[6820],"class_list":{"0":"post-30956","1":"product","2":"type-product","3":"status-publish","4":"has-post-thumbnail","6":"product_cat-611abt","7":"product_tag-611abt000032","9":"first","10":"instock","11":"taxable","12":"shipping-taxable","13":"product-type-simple"},"_links":{"self":[{"href":"https:\/\/kervanmagazacilik.com\/index.php\/wp-json\/wp\/v2\/product\/30956","targetHints":{"allow":["GET"]}}],"collection":[{"href":"https:\/\/kervanmagazacilik.com\/index.php\/wp-json\/wp\/v2\/product"}],"about":[{"href":"https:\/\/kervanmagazacilik.com\/index.php\/wp-json\/wp\/v2\/types\/product"}],"wp:featuredmedia":[{"embeddable":true,"href":"https:\/\/kervanmagazacilik.com\/index.php\/wp-json\/wp\/v2\/media\/30955"}],"wp:attachment":[{"href":"https:\/\/kervanmagazacilik.com\/index.php\/wp-json\/wp\/v2\/media?parent=30956"}],"wp:term":[{"taxonomy":"product_brand","embeddable":true,"href":"https:\/\/kervanmagazacilik.com\/index.php\/wp-json\/wp\/v2\/product_brand?post=30956"},{"taxonomy":"product_cat","embeddable":true,"href":"https:\/\/kervanmagazacilik.com\/index.php\/wp-json\/wp\/v2\/product_cat?post=30956"},{"taxonomy":"product_tag","embeddable":true,"href":"https:\/\/kervanmagazacilik.com\/index.php\/wp-json\/wp\/v2\/product_tag?post=30956"}],"curies":[{"name":"wp","href":"https:\/\/api.w.org\/{rel}","templated":true}]}}