{"id":30933,"date":"2025-09-11T08:50:41","date_gmt":"2025-09-11T05:50:41","guid":{"rendered":"https:\/\/kervanmagazacilik.com\/?post_type=product&#038;p=30933"},"modified":"2025-09-11T08:50:41","modified_gmt":"2025-09-11T05:50:41","slug":"720arp000024","status":"publish","type":"product","link":"https:\/\/kervanmagazacilik.com\/index.php\/urun\/720arp000024\/","title":{"rendered":"720ARP000024"},"content":{"rendered":"<p>720ARP000024<\/p>\n<p>MANTAR AYDINLATMA K\u00dc\u00c7\u00dcK 38&#215;60 KREM-KAHVE<\/p>\n<p>MALZEME: POLYESTER<br \/>\n\u00d6l\u00e7\u00fcler +\/- 5 cm de\u011fi\u015fkenlik g\u00f6sterebilir<br \/>\nKURU BEZ \u0130LE TOZ ALINMALIDIR<br \/>\nELEKTR\u0130K AKSAMI MEVCUTTUR<\/p>\n","protected":false},"excerpt":{"rendered":"<p>720ARP000024 MANTAR AYDINLATMA K\u00dc\u00c7\u00dcK 38&#215;60 KREM-KAHVE MALZEME: POLYESTER \u00d6l\u00e7\u00fcler +\/- 5 cm de\u011fi\u015fkenlik g\u00f6sterebilir KURU BEZ \u0130LE TOZ ALINMALIDIR ELEKTR\u0130K AKSAMI MEVCUTTUR<\/p>\n","protected":false},"featured_media":30934,"template":"","meta":[],"product_brand":[],"product_cat":[175],"product_tag":[6816],"class_list":{"0":"post-30933","1":"product","2":"type-product","3":"status-publish","4":"has-post-thumbnail","6":"product_cat-720arp","7":"product_tag-720arp000024","9":"first","10":"instock","11":"taxable","12":"shipping-taxable","13":"product-type-simple"},"_links":{"self":[{"href":"https:\/\/kervanmagazacilik.com\/index.php\/wp-json\/wp\/v2\/product\/30933","targetHints":{"allow":["GET"]}}],"collection":[{"href":"https:\/\/kervanmagazacilik.com\/index.php\/wp-json\/wp\/v2\/product"}],"about":[{"href":"https:\/\/kervanmagazacilik.com\/index.php\/wp-json\/wp\/v2\/types\/product"}],"wp:featuredmedia":[{"embeddable":true,"href":"https:\/\/kervanmagazacilik.com\/index.php\/wp-json\/wp\/v2\/media\/30934"}],"wp:attachment":[{"href":"https:\/\/kervanmagazacilik.com\/index.php\/wp-json\/wp\/v2\/media?parent=30933"}],"wp:term":[{"taxonomy":"product_brand","embeddable":true,"href":"https:\/\/kervanmagazacilik.com\/index.php\/wp-json\/wp\/v2\/product_brand?post=30933"},{"taxonomy":"product_cat","embeddable":true,"href":"https:\/\/kervanmagazacilik.com\/index.php\/wp-json\/wp\/v2\/product_cat?post=30933"},{"taxonomy":"product_tag","embeddable":true,"href":"https:\/\/kervanmagazacilik.com\/index.php\/wp-json\/wp\/v2\/product_tag?post=30933"}],"curies":[{"name":"wp","href":"https:\/\/api.w.org\/{rel}","templated":true}]}}