{"id":30907,"date":"2025-09-11T08:19:55","date_gmt":"2025-09-11T05:19:55","guid":{"rendered":"https:\/\/kervanmagazacilik.com\/?post_type=product&#038;p=30907"},"modified":"2025-09-11T08:19:56","modified_gmt":"2025-09-11T05:19:56","slug":"002099045923","status":"publish","type":"product","link":"https:\/\/kervanmagazacilik.com\/index.php\/urun\/002099045923\/","title":{"rendered":"002099045923"},"content":{"rendered":"<p>002099045923<\/p>\n<p>LENA NEVRES\u0130M TAKIMI 200X220 CK 6 PRC BEYAZ<\/p>\n<p>Kuma\u015f, %100 pamuk<br \/>\n30 derece narin y\u0131kama<br \/>\n\u00c7ama\u015f\u0131r suyu konamaz<br \/>\nKurutma makinesinde kurutulamaz<br \/>\nD\u00fc\u015f\u00fck \u0131s\u0131da \u00fct\u00fclenmelidir<\/p>\n<p>ALT GRUP: YATAK ODASI TEKST\u0130L\u0130<\/p>\n<p>NEVRES\u0130M: 200X220 CM<br \/>\n\u00c7AR\u015eAF: 240X260<br \/>\nOXFORD YASTIK: 50X70 CM (2 ADET)<br \/>\nUYKU YASTI\u011eI: 50X70 CM (2 ADET)<\/p>\n","protected":false},"excerpt":{"rendered":"<p>002099045923 LENA NEVRES\u0130M TAKIMI 200X220 CK 6 PRC BEYAZ Kuma\u015f, %100 pamuk 30 derece narin y\u0131kama \u00c7ama\u015f\u0131r suyu konamaz Kurutma makinesinde kurutulamaz D\u00fc\u015f\u00fck \u0131s\u0131da \u00fct\u00fclenmelidir ALT GRUP: YATAK ODASI TEKST\u0130L\u0130 NEVRES\u0130M: 200X220 CM \u00c7AR\u015eAF: 240X260 OXFORD YASTIK: 50X70 CM (2 ADET) UYKU YASTI\u011eI: 50X70 CM (2 ADET)<\/p>\n","protected":false},"featured_media":30908,"template":"","meta":[],"product_brand":[],"product_cat":[2004],"product_tag":[6813],"class_list":{"0":"post-30907","1":"product","2":"type-product","3":"status-publish","4":"has-post-thumbnail","6":"product_cat-2004","7":"product_tag-6813","9":"first","10":"instock","11":"taxable","12":"shipping-taxable","13":"product-type-simple"},"_links":{"self":[{"href":"https:\/\/kervanmagazacilik.com\/index.php\/wp-json\/wp\/v2\/product\/30907","targetHints":{"allow":["GET"]}}],"collection":[{"href":"https:\/\/kervanmagazacilik.com\/index.php\/wp-json\/wp\/v2\/product"}],"about":[{"href":"https:\/\/kervanmagazacilik.com\/index.php\/wp-json\/wp\/v2\/types\/product"}],"wp:featuredmedia":[{"embeddable":true,"href":"https:\/\/kervanmagazacilik.com\/index.php\/wp-json\/wp\/v2\/media\/30908"}],"wp:attachment":[{"href":"https:\/\/kervanmagazacilik.com\/index.php\/wp-json\/wp\/v2\/media?parent=30907"}],"wp:term":[{"taxonomy":"product_brand","embeddable":true,"href":"https:\/\/kervanmagazacilik.com\/index.php\/wp-json\/wp\/v2\/product_brand?post=30907"},{"taxonomy":"product_cat","embeddable":true,"href":"https:\/\/kervanmagazacilik.com\/index.php\/wp-json\/wp\/v2\/product_cat?post=30907"},{"taxonomy":"product_tag","embeddable":true,"href":"https:\/\/kervanmagazacilik.com\/index.php\/wp-json\/wp\/v2\/product_tag?post=30907"}],"curies":[{"name":"wp","href":"https:\/\/api.w.org\/{rel}","templated":true}]}}