{"id":30862,"date":"2025-09-10T16:36:29","date_gmt":"2025-09-10T13:36:29","guid":{"rendered":"https:\/\/kervanmagazacilik.com\/?post_type=product&#038;p=30862"},"modified":"2025-09-10T16:36:29","modified_gmt":"2025-09-10T13:36:29","slug":"241arv000002","status":"publish","type":"product","link":"https:\/\/kervanmagazacilik.com\/index.php\/urun\/241arv000002\/","title":{"rendered":"241ARV000002"},"content":{"rendered":"<p>241ARV000002<\/p>\n<p>BONCUKLU AMER\u0130KAN SERV\u0130S &#8211; G\u00dcM\u00dc\u015e- 38*38 CM ( PM423 )<\/p>\n","protected":false},"excerpt":{"rendered":"<p>241ARV000002 BONCUKLU AMER\u0130KAN SERV\u0130S &#8211; G\u00dcM\u00dc\u015e- 38*38 CM ( PM423 )<\/p>\n","protected":false},"featured_media":30863,"template":"","meta":[],"product_brand":[],"product_cat":[6807],"product_tag":[],"class_list":{"0":"post-30862","1":"product","2":"type-product","3":"status-publish","4":"has-post-thumbnail","6":"product_cat-241arv","8":"first","9":"instock","10":"taxable","11":"shipping-taxable","12":"product-type-simple"},"_links":{"self":[{"href":"https:\/\/kervanmagazacilik.com\/index.php\/wp-json\/wp\/v2\/product\/30862","targetHints":{"allow":["GET"]}}],"collection":[{"href":"https:\/\/kervanmagazacilik.com\/index.php\/wp-json\/wp\/v2\/product"}],"about":[{"href":"https:\/\/kervanmagazacilik.com\/index.php\/wp-json\/wp\/v2\/types\/product"}],"wp:featuredmedia":[{"embeddable":true,"href":"https:\/\/kervanmagazacilik.com\/index.php\/wp-json\/wp\/v2\/media\/30863"}],"wp:attachment":[{"href":"https:\/\/kervanmagazacilik.com\/index.php\/wp-json\/wp\/v2\/media?parent=30862"}],"wp:term":[{"taxonomy":"product_brand","embeddable":true,"href":"https:\/\/kervanmagazacilik.com\/index.php\/wp-json\/wp\/v2\/product_brand?post=30862"},{"taxonomy":"product_cat","embeddable":true,"href":"https:\/\/kervanmagazacilik.com\/index.php\/wp-json\/wp\/v2\/product_cat?post=30862"},{"taxonomy":"product_tag","embeddable":true,"href":"https:\/\/kervanmagazacilik.com\/index.php\/wp-json\/wp\/v2\/product_tag?post=30862"}],"curies":[{"name":"wp","href":"https:\/\/api.w.org\/{rel}","templated":true}]}}