{"id":3081,"date":"2024-08-28T14:41:27","date_gmt":"2024-08-28T11:41:27","guid":{"rendered":"https:\/\/kervanmagazacilik.com\/?post_type=product&#038;p=3081"},"modified":"2024-08-28T14:41:27","modified_gmt":"2024-08-28T11:41:27","slug":"611and000003","status":"publish","type":"product","link":"https:\/\/kervanmagazacilik.com\/index.php\/urun\/611and000003\/","title":{"rendered":"611AND000003"},"content":{"rendered":"<p>611AND000003<\/p>\n<p>ARTEM\u0130S KAP\u0130TONEL\u0130 KOLLU SANDALYE KAHVE<\/p>\n<p>59x58x81cm ICS 797C<\/p>\n<p>\u0130NEK DER\u0130S\u0130<\/p>\n<p>Sabun gibi zarars\u0131z g\u00f6r\u00fcnen temizleyicilerden ka\u00e7\u0131n\u0131n.<\/p>\n<p>Ne kadar hafif olursa olsun sabun veya deterjan kullanmay\u0131n.<\/p>\n<p>Deri mobilyalar\u0131 do\u011frudan g\u00fcne\u015f \u0131\u015f\u0131\u011f\u0131na maruz b\u0131rakmaktan ka\u00e7\u0131n\u0131n.<\/p>\n<p>Temiz havlu kuma\u015f veya ka\u011f\u0131t havlu kullanarak d\u00f6k\u00fclen s\u0131v\u0131lar\u0131 kurulay\u0131n.<\/p>\n","protected":false},"excerpt":{"rendered":"<p>611AND000003 ARTEM\u0130S KAP\u0130TONEL\u0130 KOLLU SANDALYE KAHVE 59x58x81cm ICS 797C \u0130NEK DER\u0130S\u0130 Sabun gibi zarars\u0131z g\u00f6r\u00fcnen temizleyicilerden ka\u00e7\u0131n\u0131n. Ne kadar hafif olursa olsun sabun veya deterjan kullanmay\u0131n. Deri mobilyalar\u0131 do\u011frudan g\u00fcne\u015f \u0131\u015f\u0131\u011f\u0131na maruz b\u0131rakmaktan ka\u00e7\u0131n\u0131n. Temiz havlu kuma\u015f veya ka\u011f\u0131t havlu kullanarak d\u00f6k\u00fclen s\u0131v\u0131lar\u0131 kurulay\u0131n.<\/p>\n","protected":false},"featured_media":3084,"template":"","meta":[],"product_brand":[],"product_cat":[94],"product_tag":[836],"class_list":{"0":"post-3081","1":"product","2":"type-product","3":"status-publish","4":"has-post-thumbnail","6":"product_cat-611and","7":"product_tag-611and000003","9":"first","10":"instock","11":"taxable","12":"shipping-taxable","13":"product-type-simple"},"_links":{"self":[{"href":"https:\/\/kervanmagazacilik.com\/index.php\/wp-json\/wp\/v2\/product\/3081","targetHints":{"allow":["GET"]}}],"collection":[{"href":"https:\/\/kervanmagazacilik.com\/index.php\/wp-json\/wp\/v2\/product"}],"about":[{"href":"https:\/\/kervanmagazacilik.com\/index.php\/wp-json\/wp\/v2\/types\/product"}],"wp:featuredmedia":[{"embeddable":true,"href":"https:\/\/kervanmagazacilik.com\/index.php\/wp-json\/wp\/v2\/media\/3084"}],"wp:attachment":[{"href":"https:\/\/kervanmagazacilik.com\/index.php\/wp-json\/wp\/v2\/media?parent=3081"}],"wp:term":[{"taxonomy":"product_brand","embeddable":true,"href":"https:\/\/kervanmagazacilik.com\/index.php\/wp-json\/wp\/v2\/product_brand?post=3081"},{"taxonomy":"product_cat","embeddable":true,"href":"https:\/\/kervanmagazacilik.com\/index.php\/wp-json\/wp\/v2\/product_cat?post=3081"},{"taxonomy":"product_tag","embeddable":true,"href":"https:\/\/kervanmagazacilik.com\/index.php\/wp-json\/wp\/v2\/product_tag?post=3081"}],"curies":[{"name":"wp","href":"https:\/\/api.w.org\/{rel}","templated":true}]}}