{"id":30798,"date":"2025-09-01T10:08:30","date_gmt":"2025-09-01T07:08:30","guid":{"rendered":"https:\/\/kervanmagazacilik.com\/?post_type=product&#038;p=30798"},"modified":"2025-09-01T10:08:30","modified_gmt":"2025-09-01T07:08:30","slug":"284bat000070","status":"publish","type":"product","link":"https:\/\/kervanmagazacilik.com\/index.php\/urun\/284bat000070\/","title":{"rendered":"284BAT000070"},"content":{"rendered":"<p>284BAT000070<\/p>\n<p>PELO 60X100 PASPAS EKRU-BEJ-LATTE<\/p>\n<p>%70 Pamuk %30 Polyester 30 derece narin y\u0131kama \u00c7ama\u015f\u0131r suyu konamaz \u00dct\u00fcleme yap\u0131lamaz Kurutma makinesinde kurutulamaz kuru temizleme yapt\u0131r\u0131lamaz<\/p>\n<p>T\u00fcylenme ve hav c\u0131kmas\u0131n\u0131 \u00f6nlemek i\u00e7in d\u00fczenli aral\u0131klarla elektirikli s\u00fcp\u00fcrge ile s\u00fcp\u00fcr\u00fclmesini tavsiye ediyoruz. Havli \u00fce\u00fcnler y\u0131kand\u0131ktan sonra t\u00fcy b\u0131rakabilir filtre t\u0131kanmalar\u0131n\u0131 \u00f6nlemek amac\u0131 ile bir yast\u0131k k\u0131l\u0131f\u0131 veya koruma torbas\u0131 i\u00e7inde y\u0131kaman\u0131z gerekmektedir<\/p>\n","protected":false},"excerpt":{"rendered":"<p>284BAT000070 PELO 60X100 PASPAS EKRU-BEJ-LATTE %70 Pamuk %30 Polyester 30 derece narin y\u0131kama \u00c7ama\u015f\u0131r suyu konamaz \u00dct\u00fcleme yap\u0131lamaz Kurutma makinesinde kurutulamaz kuru temizleme yapt\u0131r\u0131lamaz T\u00fcylenme ve hav c\u0131kmas\u0131n\u0131 \u00f6nlemek i\u00e7in d\u00fczenli aral\u0131klarla elektirikli s\u00fcp\u00fcrge ile s\u00fcp\u00fcr\u00fclmesini tavsiye ediyoruz. Havli \u00fce\u00fcnler y\u0131kand\u0131ktan sonra t\u00fcy b\u0131rakabilir filtre t\u0131kanmalar\u0131n\u0131 \u00f6nlemek amac\u0131 ile bir yast\u0131k k\u0131l\u0131f\u0131 veya koruma torbas\u0131 [&hellip;]<\/p>\n","protected":false},"featured_media":30799,"template":"","meta":[],"product_brand":[],"product_cat":[2930],"product_tag":[6799],"class_list":{"0":"post-30798","1":"product","2":"type-product","3":"status-publish","4":"has-post-thumbnail","6":"product_cat-284bat","7":"product_tag-284bat000070","9":"first","10":"instock","11":"taxable","12":"shipping-taxable","13":"product-type-simple"},"_links":{"self":[{"href":"https:\/\/kervanmagazacilik.com\/index.php\/wp-json\/wp\/v2\/product\/30798","targetHints":{"allow":["GET"]}}],"collection":[{"href":"https:\/\/kervanmagazacilik.com\/index.php\/wp-json\/wp\/v2\/product"}],"about":[{"href":"https:\/\/kervanmagazacilik.com\/index.php\/wp-json\/wp\/v2\/types\/product"}],"wp:featuredmedia":[{"embeddable":true,"href":"https:\/\/kervanmagazacilik.com\/index.php\/wp-json\/wp\/v2\/media\/30799"}],"wp:attachment":[{"href":"https:\/\/kervanmagazacilik.com\/index.php\/wp-json\/wp\/v2\/media?parent=30798"}],"wp:term":[{"taxonomy":"product_brand","embeddable":true,"href":"https:\/\/kervanmagazacilik.com\/index.php\/wp-json\/wp\/v2\/product_brand?post=30798"},{"taxonomy":"product_cat","embeddable":true,"href":"https:\/\/kervanmagazacilik.com\/index.php\/wp-json\/wp\/v2\/product_cat?post=30798"},{"taxonomy":"product_tag","embeddable":true,"href":"https:\/\/kervanmagazacilik.com\/index.php\/wp-json\/wp\/v2\/product_tag?post=30798"}],"curies":[{"name":"wp","href":"https:\/\/api.w.org\/{rel}","templated":true}]}}