{"id":30662,"date":"2025-08-21T11:23:59","date_gmt":"2025-08-21T08:23:59","guid":{"rendered":"https:\/\/kervanmagazacilik.com\/?post_type=product&#038;p=30662"},"modified":"2025-08-21T11:23:59","modified_gmt":"2025-08-21T08:23:59","slug":"150063001022","status":"publish","type":"product","link":"https:\/\/kervanmagazacilik.com\/index.php\/urun\/150063001022\/","title":{"rendered":"150063001022"},"content":{"rendered":"<p>150063001022<\/p>\n<p>ROSE PERLA B\u00dcY\u00dcK HUR\u00c7 KREM 50x70x30cm<\/p>\n<p>Kuma\u015f, %100 polyester<br \/>\nAksesuar, %100 polyester<br \/>\nSadece kuru temizleme yap\u0131lmal\u0131d\u0131r<\/p>\n","protected":false},"excerpt":{"rendered":"<p>150063001022 ROSE PERLA B\u00dcY\u00dcK HUR\u00c7 KREM 50x70x30cm Kuma\u015f, %100 polyester Aksesuar, %100 polyester Sadece kuru temizleme yap\u0131lmal\u0131d\u0131r<\/p>\n","protected":false},"featured_media":30663,"template":"","meta":[],"product_brand":[],"product_cat":[2150],"product_tag":[6781],"class_list":{"0":"post-30662","1":"product","2":"type-product","3":"status-publish","4":"has-post-thumbnail","6":"product_cat-2150","7":"product_tag-6781","9":"first","10":"instock","11":"taxable","12":"shipping-taxable","13":"product-type-simple"},"_links":{"self":[{"href":"https:\/\/kervanmagazacilik.com\/index.php\/wp-json\/wp\/v2\/product\/30662","targetHints":{"allow":["GET"]}}],"collection":[{"href":"https:\/\/kervanmagazacilik.com\/index.php\/wp-json\/wp\/v2\/product"}],"about":[{"href":"https:\/\/kervanmagazacilik.com\/index.php\/wp-json\/wp\/v2\/types\/product"}],"wp:featuredmedia":[{"embeddable":true,"href":"https:\/\/kervanmagazacilik.com\/index.php\/wp-json\/wp\/v2\/media\/30663"}],"wp:attachment":[{"href":"https:\/\/kervanmagazacilik.com\/index.php\/wp-json\/wp\/v2\/media?parent=30662"}],"wp:term":[{"taxonomy":"product_brand","embeddable":true,"href":"https:\/\/kervanmagazacilik.com\/index.php\/wp-json\/wp\/v2\/product_brand?post=30662"},{"taxonomy":"product_cat","embeddable":true,"href":"https:\/\/kervanmagazacilik.com\/index.php\/wp-json\/wp\/v2\/product_cat?post=30662"},{"taxonomy":"product_tag","embeddable":true,"href":"https:\/\/kervanmagazacilik.com\/index.php\/wp-json\/wp\/v2\/product_tag?post=30662"}],"curies":[{"name":"wp","href":"https:\/\/api.w.org\/{rel}","templated":true}]}}