{"id":30612,"date":"2025-08-20T13:59:28","date_gmt":"2025-08-20T10:59:28","guid":{"rendered":"https:\/\/kervanmagazacilik.com\/?post_type=product&#038;p=30612"},"modified":"2025-08-20T13:59:28","modified_gmt":"2025-08-20T10:59:28","slug":"900arj000276","status":"publish","type":"product","link":"https:\/\/kervanmagazacilik.com\/index.php\/urun\/900arj000276\/","title":{"rendered":"900ARJ000276"},"content":{"rendered":"<p>900ARJ000276<\/p>\n<p>RASILVA ARANJMAN 70X90 CM<\/p>\n<p>MALZEME: Plastik+Poliresin<br \/>\n\u00d6l\u00e7\u00fcler +\/- 5 cm de\u011fi\u015fkenlik g\u00f6sterebilir<br \/>\nHafif nemli bezle silinebilir<\/p>\n<p>ALT GRUP: DEKORATIF AKSESUAR<\/p>\n","protected":false},"excerpt":{"rendered":"<p>900ARJ000276 RASILVA ARANJMAN 70X90 CM MALZEME: Plastik+Poliresin \u00d6l\u00e7\u00fcler +\/- 5 cm de\u011fi\u015fkenlik g\u00f6sterebilir Hafif nemli bezle silinebilir ALT GRUP: DEKORATIF AKSESUAR<\/p>\n","protected":false},"featured_media":30613,"template":"","meta":[],"product_brand":[],"product_cat":[280],"product_tag":[6771],"class_list":{"0":"post-30612","1":"product","2":"type-product","3":"status-publish","4":"has-post-thumbnail","6":"product_cat-900arj","7":"product_tag-900arj000276","9":"first","10":"instock","11":"taxable","12":"shipping-taxable","13":"product-type-simple"},"_links":{"self":[{"href":"https:\/\/kervanmagazacilik.com\/index.php\/wp-json\/wp\/v2\/product\/30612","targetHints":{"allow":["GET"]}}],"collection":[{"href":"https:\/\/kervanmagazacilik.com\/index.php\/wp-json\/wp\/v2\/product"}],"about":[{"href":"https:\/\/kervanmagazacilik.com\/index.php\/wp-json\/wp\/v2\/types\/product"}],"wp:featuredmedia":[{"embeddable":true,"href":"https:\/\/kervanmagazacilik.com\/index.php\/wp-json\/wp\/v2\/media\/30613"}],"wp:attachment":[{"href":"https:\/\/kervanmagazacilik.com\/index.php\/wp-json\/wp\/v2\/media?parent=30612"}],"wp:term":[{"taxonomy":"product_brand","embeddable":true,"href":"https:\/\/kervanmagazacilik.com\/index.php\/wp-json\/wp\/v2\/product_brand?post=30612"},{"taxonomy":"product_cat","embeddable":true,"href":"https:\/\/kervanmagazacilik.com\/index.php\/wp-json\/wp\/v2\/product_cat?post=30612"},{"taxonomy":"product_tag","embeddable":true,"href":"https:\/\/kervanmagazacilik.com\/index.php\/wp-json\/wp\/v2\/product_tag?post=30612"}],"curies":[{"name":"wp","href":"https:\/\/api.w.org\/{rel}","templated":true}]}}