{"id":30557,"date":"2025-08-18T16:07:25","date_gmt":"2025-08-18T13:07:25","guid":{"rendered":"https:\/\/kervanmagazacilik.com\/?post_type=product&#038;p=30557"},"modified":"2025-08-18T16:07:25","modified_gmt":"2025-08-18T13:07:25","slug":"611db0000065","status":"publish","type":"product","link":"https:\/\/kervanmagazacilik.com\/index.php\/urun\/611db0000065\/","title":{"rendered":"611DB0000065"},"content":{"rendered":"<p>611DB0000065<\/p>\n<p><strong>8819-300 CHESTER DER\u0130 KOLTUK D\u00d6RTL\u00dc KAHVE 89x300x73cm<\/strong><\/p>\n","protected":false},"excerpt":{"rendered":"<p>611DB0000065 8819-300 CHESTER DER\u0130 KOLTUK D\u00d6RTL\u00dc KAHVE 89x300x73cm<\/p>\n","protected":false},"featured_media":30558,"template":"","meta":[],"product_brand":[],"product_cat":[144],"product_tag":[6763],"class_list":{"0":"post-30557","1":"product","2":"type-product","3":"status-publish","4":"has-post-thumbnail","6":"product_cat-611db","7":"product_tag-611db0000065","9":"first","10":"instock","11":"taxable","12":"shipping-taxable","13":"product-type-simple"},"_links":{"self":[{"href":"https:\/\/kervanmagazacilik.com\/index.php\/wp-json\/wp\/v2\/product\/30557","targetHints":{"allow":["GET"]}}],"collection":[{"href":"https:\/\/kervanmagazacilik.com\/index.php\/wp-json\/wp\/v2\/product"}],"about":[{"href":"https:\/\/kervanmagazacilik.com\/index.php\/wp-json\/wp\/v2\/types\/product"}],"wp:featuredmedia":[{"embeddable":true,"href":"https:\/\/kervanmagazacilik.com\/index.php\/wp-json\/wp\/v2\/media\/30558"}],"wp:attachment":[{"href":"https:\/\/kervanmagazacilik.com\/index.php\/wp-json\/wp\/v2\/media?parent=30557"}],"wp:term":[{"taxonomy":"product_brand","embeddable":true,"href":"https:\/\/kervanmagazacilik.com\/index.php\/wp-json\/wp\/v2\/product_brand?post=30557"},{"taxonomy":"product_cat","embeddable":true,"href":"https:\/\/kervanmagazacilik.com\/index.php\/wp-json\/wp\/v2\/product_cat?post=30557"},{"taxonomy":"product_tag","embeddable":true,"href":"https:\/\/kervanmagazacilik.com\/index.php\/wp-json\/wp\/v2\/product_tag?post=30557"}],"curies":[{"name":"wp","href":"https:\/\/api.w.org\/{rel}","templated":true}]}}