{"id":30538,"date":"2025-08-18T09:41:04","date_gmt":"2025-08-18T06:41:04","guid":{"rendered":"https:\/\/kervanmagazacilik.com\/?post_type=product&#038;p=30538"},"modified":"2025-08-18T09:41:06","modified_gmt":"2025-08-18T06:41:06","slug":"241hsh001675","status":"publish","type":"product","link":"https:\/\/kervanmagazacilik.com\/index.php\/urun\/241hsh001675\/","title":{"rendered":"241HSH001675"},"content":{"rendered":"<p>241HSH001675<\/p>\n<p>NUNA \u015eAL SET 90X250 3 PAR\u00c7A K\u0130REM\u0130T<\/p>\n<p>A :Kuma\u015f, %51 polyester %29 viskon % 20 pamuk<br \/>\nB :Kuma\u015f, %90 polyester %10 keten<br \/>\nC :Kuma\u015f, %40 Pamuk-%40 Viskon-%20 Polyester<br \/>\nSadece kuru temizleme yap\u0131lmal\u0131d\u0131r<\/p>\n<p>ALT GRUP: YATAK ODASI TEKST\u0130L\u0130<\/p>\n<p>\u015eAL: 90&#215;250 CM<br \/>\nKIRLENT: 35X60 CM (2 ADET)<br \/>\nKIRLENT: 30X55 CM (2 ADET)<\/p>\n","protected":false},"excerpt":{"rendered":"<p>241HSH001675 NUNA \u015eAL SET 90X250 3 PAR\u00c7A K\u0130REM\u0130T A :Kuma\u015f, %51 polyester %29 viskon % 20 pamuk B :Kuma\u015f, %90 polyester %10 keten C :Kuma\u015f, %40 Pamuk-%40 Viskon-%20 Polyester Sadece kuru temizleme yap\u0131lmal\u0131d\u0131r ALT GRUP: YATAK ODASI TEKST\u0130L\u0130 \u015eAL: 90&#215;250 CM KIRLENT: 35X60 CM (2 ADET) KIRLENT: 30X55 CM (2 ADET)<\/p>\n","protected":false},"featured_media":30539,"template":"","meta":[],"product_brand":[],"product_cat":[2922],"product_tag":[6760],"class_list":{"0":"post-30538","1":"product","2":"type-product","3":"status-publish","4":"has-post-thumbnail","6":"product_cat-241hsh","7":"product_tag-241hsh001675","9":"first","10":"instock","11":"taxable","12":"shipping-taxable","13":"product-type-simple"},"_links":{"self":[{"href":"https:\/\/kervanmagazacilik.com\/index.php\/wp-json\/wp\/v2\/product\/30538","targetHints":{"allow":["GET"]}}],"collection":[{"href":"https:\/\/kervanmagazacilik.com\/index.php\/wp-json\/wp\/v2\/product"}],"about":[{"href":"https:\/\/kervanmagazacilik.com\/index.php\/wp-json\/wp\/v2\/types\/product"}],"wp:featuredmedia":[{"embeddable":true,"href":"https:\/\/kervanmagazacilik.com\/index.php\/wp-json\/wp\/v2\/media\/30539"}],"wp:attachment":[{"href":"https:\/\/kervanmagazacilik.com\/index.php\/wp-json\/wp\/v2\/media?parent=30538"}],"wp:term":[{"taxonomy":"product_brand","embeddable":true,"href":"https:\/\/kervanmagazacilik.com\/index.php\/wp-json\/wp\/v2\/product_brand?post=30538"},{"taxonomy":"product_cat","embeddable":true,"href":"https:\/\/kervanmagazacilik.com\/index.php\/wp-json\/wp\/v2\/product_cat?post=30538"},{"taxonomy":"product_tag","embeddable":true,"href":"https:\/\/kervanmagazacilik.com\/index.php\/wp-json\/wp\/v2\/product_tag?post=30538"}],"curies":[{"name":"wp","href":"https:\/\/api.w.org\/{rel}","templated":true}]}}