{"id":30522,"date":"2025-08-14T15:18:18","date_gmt":"2025-08-14T12:18:18","guid":{"rendered":"https:\/\/kervanmagazacilik.com\/?post_type=product&#038;p=30522"},"modified":"2025-08-14T15:18:19","modified_gmt":"2025-08-14T12:18:19","slug":"prj300000110","status":"publish","type":"product","link":"https:\/\/kervanmagazacilik.com\/index.php\/urun\/prj300000110\/","title":{"rendered":"PRJ300000110"},"content":{"rendered":"<p>PRJ300000110<\/p>\n<p>PARKER HALI 3300 LIGHT VIZON 200x300cm<\/p>\n<p>GRUP \u0130\u00c7ER\u0130K A\u011eIRLIK HAV Y\u00dcKSEKL\u0130\u011e\u0130<br \/>\nEL DOKUMA HALILAR %100 Naturel Viskon 3600 gr 8 mm<\/p>\n<p>Genel Kullan\u0131m<br \/>\n\u00b7 Hal\u0131n\u0131z \u00e7\u0131rp\u0131lmamal\u0131, d\u00f6v\u00fclmemeli, elektrik s\u00fcp\u00fcrgesinin f\u0131r\u00e7as\u0131z u\u00e7lar\u0131 ile s\u00fcp\u00fcr\u00fclmelidir.<br \/>\n\u00b7 Hal\u0131n\u0131z\u0131n \u00fczerine koyulan sehpa, koltuk vs. e\u015fya var ise iz yapmamas\u0131 i\u00e7in yerleri ara ara de\u011fi\u015ftirilmeli, temas eden yerler elektrik s\u00fcp\u00fcrgesinin f\u0131r\u00e7as\u0131z u\u00e7lar\u0131 ile s\u00fcp\u00fcr\u00fclmelidir.<br \/>\n\u00b7 Hal\u0131n\u0131z\u0131n ilk zamanlarda hav vermesi, do\u011fal ip ile \u00fcretildi\u011fi i\u00e7in ola\u011fand\u0131r. D\u00fczenli olarak yap\u0131lan vakumlu temizlik ile k\u0131sa s\u00fcrede yok denecek kadar azal\u0131r.<br \/>\no Natural malzeme ile \u00fcretilen hal\u0131larda hav d\u00f6k\u00fclmesi neden ola\u011fand\u0131r?<br \/>\nViskon, y\u00fcn, flo\u015f gibi do\u011fal iplikler \u00e7ok ince elyaflar\u0131n b\u00fck\u00fcm\u00fcnden olu\u015fur. Do\u011fal elyaflar\u0131n uzunluklar\u0131 s\u0131n\u0131rl\u0131 ve farkl\u0131d\u0131r. Dokuma sonras\u0131 boylar\u0131n\u0131n e\u015fitlenmesi i\u00e7in iplikler kesim\/t\u0131ra\u015flama i\u015flemlerine tabi tutulur. Hav d\u00f6k\u00fclmesi olarak adland\u0131r\u0131lan durum b\u00fck\u00fclemeyecek kadar k\u0131sa olan fazla ipliklerin kullan\u0131m ile hal\u0131dan d\u0131\u015far\u0131ya at\u0131lmas\u0131d\u0131r. Bu, do\u011fal iplik ile dokunmu\u015f \u00fcr\u00fcnlerde normal ve ka\u00e7\u0131n\u0131lmaz bir durumdur. D\u00fczenli s\u00fcp\u00fcrme ile hav d\u00f6k\u00fclmesi k\u0131sa s\u00fcrede yok denecek kadar azal\u0131r.<\/p>\n<p>Leke \u00c7\u0131karma<br \/>\nE\u011fer hal\u0131n\u0131za bir \u015fey d\u00f6k\u00fcl\u00fcrse \u00e7ok h\u0131zl\u0131 bir \u015fekilde harekete ge\u00e7ilmelidir.<br \/>\n\u00b7 Bu gibi durumlarda \u00f6ncelikle s\u0131v\u0131 da\u011f\u0131lmadan ka\u011f\u0131t havlu ile tampon uygulanarak fazla s\u0131v\u0131 emilmeli, kesinlikle a\u011fart\u0131c\u0131 kimyasal i\u00e7eren temizlik maddeleri (\u00e7ama\u015f\u0131r suyu gibi) kullan\u0131lmamal\u0131d\u0131r.<br \/>\n\u00b7 S\u0131v\u0131n\u0131n d\u00f6k\u00fcld\u00fc\u011f\u00fc alan tampon uygulamas\u0131ndan sonra so\u011fuk su ve do\u011fal sabun ile silinmelidir.<br \/>\n\u00b7 Silme i\u015flemi lekeyi da\u011f\u0131tmayacak bir \u015fekilde, hav y\u00f6n\u00fcnde yumu\u015fak ve beyaz bir bez yard\u0131m\u0131 ile olmal\u0131; dairesel veya hav y\u00f6n\u00fcn\u00fcn tersine sert ovma i\u015flemlerinden ka\u00e7\u0131n\u0131lmal\u0131d\u0131r.<br \/>\no Neden hal\u0131y\u0131 hav y\u00f6n\u00fcnde silmeliyim?<br \/>\nViskon, y\u00fcn, flo\u015f gibi do\u011fal iplikler \u00e7ok ince elyaflar\u0131n b\u00fck\u00fcm\u00fcnden olu\u015fur. Temizlik s\u0131ras\u0131nda yap\u0131lacak dairesel sert silmeler ya da a\u015f\u0131r\u0131 bas\u0131n\u00e7l\u0131 ovmalar, bu b\u00fck\u00fcmleri a\u00e7abilir. A\u00e7\u0131lan iplerin dik durma mukavemeti yok oldu\u011funda, ezilen elyaflar birbirinin i\u00e7ine ge\u00e7erek halk dilinde \u201cke\u00e7elenme\u201d ad\u0131 verilen g\u00f6r\u00fcnt\u00fcye yol a\u00e7abilir. B\u00fck\u00fcmleri a\u00e7\u0131lan ipler, farkl\u0131 y\u00f6nlere do\u011fru yataca\u011f\u0131 i\u00e7in, \u0131\u015f\u0131\u011f\u0131 farkl\u0131 a\u00e7\u0131lardan yans\u0131tabilirler. Bu \u0131\u015f\u0131k yans\u0131malar\u0131 t\u00fcketici taraf\u0131ndan, renk kayb\u0131\/farkl\u0131l\u0131\u011f\u0131 olarak da yorumlanabilmektedir. Bu sonu\u00e7lardan ka\u00e7\u0131nmak ad\u0131na hal\u0131n\u0131z\u0131 silerken yukar\u0131daki talimatlara uygun bir \u015fekilde davran\u0131lmal\u0131d\u0131r.<br \/>\n\u00b7 Temizlenen b\u00f6lge tamamen kuruyana kadar \u00fczerine bas\u0131lmamal\u0131d\u0131r.<\/p>\n<p>Derin Temizlik<br \/>\n\u00b7 Hal\u0131n\u0131z\u0131n derin temizli\u011fi i\u00e7in el hal\u0131s\u0131 y\u0131kama konusunda uzman, profesyonel hal\u0131 y\u0131kama merkezlerinden destek al\u0131nmal\u0131d\u0131r. Y\u0131kama merkezine hal\u0131n\u0131z\u0131n naturel malzemeden \u00fcretildi\u011fi ve y\u0131kama s\u0131ras\u0131nda kesinlikle Sodyum Hidroksit (Kostik) i\u00e7eren a\u011f\u0131r kimyasal temizleyicilerin kullan\u0131lmamas\u0131 gerekti\u011fi vurgulanmal\u0131d\u0131r.<br \/>\n\u00b7 Y\u0131kama firmas\u0131; y\u0131kama i\u015flemlerinde sert f\u0131r\u00e7a ve aparat kullan\u0131lmamas\u0131 ve kullan\u0131lan temizlik malzemesinden hal\u0131n\u0131n tamamen ar\u0131nd\u0131r\u0131lmas\u0131 gerekti\u011fi konusunda uyar\u0131lmal\u0131d\u0131r.<br \/>\n\u00b7 Temizleme sonras\u0131nda hal\u0131n\u0131z as\u0131lmadan, yere serili olarak k\u0131sa s\u00fcrede kurutulmal\u0131d\u0131r.<br \/>\n\u00b7 Hal\u0131n\u0131z \u0131slakken kullan\u0131lmamal\u0131 ve direkt g\u00fcne\u015f \u0131\u015f\u0131\u011f\u0131ndan korunmal\u0131d\u0131r.<br \/>\n\u00b7 Profesyonel hal\u0131 bak\u0131m ve temizli\u011fi i\u00e7in hal\u0131n\u0131z\u0131 ald\u0131\u011f\u0131n\u0131z sat\u0131\u015f noktas\u0131na dan\u0131\u015fabilirsiniz.<\/p>\n","protected":false},"excerpt":{"rendered":"<p>PRJ300000110 PARKER HALI 3300 LIGHT VIZON 200x300cm GRUP \u0130\u00c7ER\u0130K A\u011eIRLIK HAV Y\u00dcKSEKL\u0130\u011e\u0130 EL DOKUMA HALILAR %100 Naturel Viskon 3600 gr 8 mm Genel Kullan\u0131m \u00b7 Hal\u0131n\u0131z \u00e7\u0131rp\u0131lmamal\u0131, d\u00f6v\u00fclmemeli, elektrik s\u00fcp\u00fcrgesinin f\u0131r\u00e7as\u0131z u\u00e7lar\u0131 ile s\u00fcp\u00fcr\u00fclmelidir. \u00b7 Hal\u0131n\u0131z\u0131n \u00fczerine koyulan sehpa, koltuk vs. e\u015fya var ise iz yapmamas\u0131 i\u00e7in yerleri ara ara de\u011fi\u015ftirilmeli, temas eden yerler elektrik [&hellip;]<\/p>\n","protected":false},"featured_media":30523,"template":"","meta":[],"product_brand":[],"product_cat":[307],"product_tag":[6756],"class_list":{"0":"post-30522","1":"product","2":"type-product","3":"status-publish","4":"has-post-thumbnail","6":"product_cat-prj3","7":"product_tag-prj300000110","9":"first","10":"instock","11":"taxable","12":"shipping-taxable","13":"product-type-simple"},"_links":{"self":[{"href":"https:\/\/kervanmagazacilik.com\/index.php\/wp-json\/wp\/v2\/product\/30522","targetHints":{"allow":["GET"]}}],"collection":[{"href":"https:\/\/kervanmagazacilik.com\/index.php\/wp-json\/wp\/v2\/product"}],"about":[{"href":"https:\/\/kervanmagazacilik.com\/index.php\/wp-json\/wp\/v2\/types\/product"}],"wp:featuredmedia":[{"embeddable":true,"href":"https:\/\/kervanmagazacilik.com\/index.php\/wp-json\/wp\/v2\/media\/30523"}],"wp:attachment":[{"href":"https:\/\/kervanmagazacilik.com\/index.php\/wp-json\/wp\/v2\/media?parent=30522"}],"wp:term":[{"taxonomy":"product_brand","embeddable":true,"href":"https:\/\/kervanmagazacilik.com\/index.php\/wp-json\/wp\/v2\/product_brand?post=30522"},{"taxonomy":"product_cat","embeddable":true,"href":"https:\/\/kervanmagazacilik.com\/index.php\/wp-json\/wp\/v2\/product_cat?post=30522"},{"taxonomy":"product_tag","embeddable":true,"href":"https:\/\/kervanmagazacilik.com\/index.php\/wp-json\/wp\/v2\/product_tag?post=30522"}],"curies":[{"name":"wp","href":"https:\/\/api.w.org\/{rel}","templated":true}]}}