{"id":30398,"date":"2025-08-13T17:47:48","date_gmt":"2025-08-13T14:47:48","guid":{"rendered":"https:\/\/kervanmagazacilik.com\/?post_type=product&#038;p=30398"},"modified":"2025-08-13T17:47:48","modified_gmt":"2025-08-13T14:47:48","slug":"051wol000002","status":"publish","type":"product","link":"https:\/\/kervanmagazacilik.com\/index.php\/urun\/051wol000002\/","title":{"rendered":"051WOL000002"},"content":{"rendered":"<p>051WOL000002<\/p>\n<p>SOFT YORGAN 180&#215;220 T.K \u0130ND\u0130GO<\/p>\n<p>Yorgan \/180&#215;220 cm \u00d6rt\u00fc Yast\u0131\u011f\u0131 \/50&#215;70 cm 1 ad.<\/p>\n<p>&nbsp;<\/p>\n","protected":false},"excerpt":{"rendered":"<p>051WOL000002 SOFT YORGAN 180&#215;220 T.K \u0130ND\u0130GO Yorgan \/180&#215;220 cm \u00d6rt\u00fc Yast\u0131\u011f\u0131 \/50&#215;70 cm 1 ad. &nbsp;<\/p>\n","protected":false},"featured_media":30397,"template":"","meta":[],"product_brand":[],"product_cat":[6728],"product_tag":[6730],"class_list":{"0":"post-30398","1":"product","2":"type-product","3":"status-publish","4":"has-post-thumbnail","6":"product_cat-051wol","7":"product_tag-051wol000002","9":"first","10":"instock","11":"taxable","12":"shipping-taxable","13":"product-type-simple"},"_links":{"self":[{"href":"https:\/\/kervanmagazacilik.com\/index.php\/wp-json\/wp\/v2\/product\/30398","targetHints":{"allow":["GET"]}}],"collection":[{"href":"https:\/\/kervanmagazacilik.com\/index.php\/wp-json\/wp\/v2\/product"}],"about":[{"href":"https:\/\/kervanmagazacilik.com\/index.php\/wp-json\/wp\/v2\/types\/product"}],"wp:featuredmedia":[{"embeddable":true,"href":"https:\/\/kervanmagazacilik.com\/index.php\/wp-json\/wp\/v2\/media\/30397"}],"wp:attachment":[{"href":"https:\/\/kervanmagazacilik.com\/index.php\/wp-json\/wp\/v2\/media?parent=30398"}],"wp:term":[{"taxonomy":"product_brand","embeddable":true,"href":"https:\/\/kervanmagazacilik.com\/index.php\/wp-json\/wp\/v2\/product_brand?post=30398"},{"taxonomy":"product_cat","embeddable":true,"href":"https:\/\/kervanmagazacilik.com\/index.php\/wp-json\/wp\/v2\/product_cat?post=30398"},{"taxonomy":"product_tag","embeddable":true,"href":"https:\/\/kervanmagazacilik.com\/index.php\/wp-json\/wp\/v2\/product_tag?post=30398"}],"curies":[{"name":"wp","href":"https:\/\/api.w.org\/{rel}","templated":true}]}}