{"id":30324,"date":"2025-08-12T16:36:43","date_gmt":"2025-08-12T13:36:43","guid":{"rendered":"https:\/\/kervanmagazacilik.com\/?post_type=product&#038;p=30324"},"modified":"2025-08-13T17:39:07","modified_gmt":"2025-08-13T14:39:07","slug":"052wol000003-2","status":"publish","type":"product","link":"https:\/\/kervanmagazacilik.com\/index.php\/urun\/052wol000003-2\/","title":{"rendered":"052WOL000006"},"content":{"rendered":"<p>052WOL000006<\/p>\n<p>SOFT YORGAN 240&#215;220 \u00c7.K A.GR\u0130<\/p>\n<p>Yorgan:%100 Polyester<\/p>\n<p>Yorgan \/240x220cm<br \/>\n\u00d6rt\u00fc Yast\u0131\u011f\u0131 \/50x70cm 2 ad.<\/p>\n","protected":false},"excerpt":{"rendered":"<p>052WOL000006 SOFT YORGAN 240&#215;220 \u00c7.K A.GR\u0130 Yorgan:%100 Polyester Yorgan \/240x220cm \u00d6rt\u00fc Yast\u0131\u011f\u0131 \/50x70cm 2 ad.<\/p>\n","protected":false},"featured_media":30381,"template":"","meta":[],"product_brand":[],"product_cat":[273],"product_tag":[6729],"class_list":{"0":"post-30324","1":"product","2":"type-product","3":"status-publish","4":"has-post-thumbnail","6":"product_cat-759tuf","7":"product_tag-052wol000006","9":"first","10":"instock","11":"taxable","12":"shipping-taxable","13":"product-type-simple"},"_links":{"self":[{"href":"https:\/\/kervanmagazacilik.com\/index.php\/wp-json\/wp\/v2\/product\/30324","targetHints":{"allow":["GET"]}}],"collection":[{"href":"https:\/\/kervanmagazacilik.com\/index.php\/wp-json\/wp\/v2\/product"}],"about":[{"href":"https:\/\/kervanmagazacilik.com\/index.php\/wp-json\/wp\/v2\/types\/product"}],"wp:featuredmedia":[{"embeddable":true,"href":"https:\/\/kervanmagazacilik.com\/index.php\/wp-json\/wp\/v2\/media\/30381"}],"wp:attachment":[{"href":"https:\/\/kervanmagazacilik.com\/index.php\/wp-json\/wp\/v2\/media?parent=30324"}],"wp:term":[{"taxonomy":"product_brand","embeddable":true,"href":"https:\/\/kervanmagazacilik.com\/index.php\/wp-json\/wp\/v2\/product_brand?post=30324"},{"taxonomy":"product_cat","embeddable":true,"href":"https:\/\/kervanmagazacilik.com\/index.php\/wp-json\/wp\/v2\/product_cat?post=30324"},{"taxonomy":"product_tag","embeddable":true,"href":"https:\/\/kervanmagazacilik.com\/index.php\/wp-json\/wp\/v2\/product_tag?post=30324"}],"curies":[{"name":"wp","href":"https:\/\/api.w.org\/{rel}","templated":true}]}}