{"id":30289,"date":"2025-08-12T14:39:47","date_gmt":"2025-08-12T11:39:47","guid":{"rendered":"https:\/\/kervanmagazacilik.com\/?post_type=product&#038;p=30289"},"modified":"2025-08-12T14:39:47","modified_gmt":"2025-08-12T11:39:47","slug":"611artf00342","status":"publish","type":"product","link":"https:\/\/kervanmagazacilik.com\/index.php\/urun\/611artf00342\/","title":{"rendered":"611ARTF00342"},"content":{"rendered":"<p>611ARTF00342<\/p>\n<p>MEZZAN\u0130NE \u00c7ALI\u015eMA MASASI GR\u0130 71x152x76cm 325421-2249<\/p>\n<p>&nbsp;<\/p>\n","protected":false},"excerpt":{"rendered":"<p>611ARTF00342 MEZZAN\u0130NE \u00c7ALI\u015eMA MASASI GR\u0130 71x152x76cm 325421-2249 &nbsp;<\/p>\n","protected":false},"featured_media":30290,"template":"","meta":[],"product_brand":[],"product_cat":[41],"product_tag":[6715],"class_list":{"0":"post-30289","1":"product","2":"type-product","3":"status-publish","4":"has-post-thumbnail","6":"product_cat-611artf","7":"product_tag-611artf00342","9":"first","10":"instock","11":"taxable","12":"shipping-taxable","13":"product-type-simple"},"_links":{"self":[{"href":"https:\/\/kervanmagazacilik.com\/index.php\/wp-json\/wp\/v2\/product\/30289","targetHints":{"allow":["GET"]}}],"collection":[{"href":"https:\/\/kervanmagazacilik.com\/index.php\/wp-json\/wp\/v2\/product"}],"about":[{"href":"https:\/\/kervanmagazacilik.com\/index.php\/wp-json\/wp\/v2\/types\/product"}],"wp:featuredmedia":[{"embeddable":true,"href":"https:\/\/kervanmagazacilik.com\/index.php\/wp-json\/wp\/v2\/media\/30290"}],"wp:attachment":[{"href":"https:\/\/kervanmagazacilik.com\/index.php\/wp-json\/wp\/v2\/media?parent=30289"}],"wp:term":[{"taxonomy":"product_brand","embeddable":true,"href":"https:\/\/kervanmagazacilik.com\/index.php\/wp-json\/wp\/v2\/product_brand?post=30289"},{"taxonomy":"product_cat","embeddable":true,"href":"https:\/\/kervanmagazacilik.com\/index.php\/wp-json\/wp\/v2\/product_cat?post=30289"},{"taxonomy":"product_tag","embeddable":true,"href":"https:\/\/kervanmagazacilik.com\/index.php\/wp-json\/wp\/v2\/product_tag?post=30289"}],"curies":[{"name":"wp","href":"https:\/\/api.w.org\/{rel}","templated":true}]}}