{"id":30288,"date":"2025-08-12T14:43:19","date_gmt":"2025-08-12T11:43:19","guid":{"rendered":"https:\/\/kervanmagazacilik.com\/?post_type=product&#038;p=30288"},"modified":"2025-08-12T14:43:21","modified_gmt":"2025-08-12T11:43:21","slug":"611artf00487","status":"publish","type":"product","link":"https:\/\/kervanmagazacilik.com\/index.php\/urun\/611artf00487\/","title":{"rendered":"611ARTF00487"},"content":{"rendered":"<p>611ARTF00487<\/p>\n<p>PORTICO \u015e\u0130FONYER 3 \u00c7EKMECE BEYAZ 46x102x86cm 323158-3317<\/p>\n","protected":false},"excerpt":{"rendered":"<p>611ARTF00487 PORTICO \u015e\u0130FONYER 3 \u00c7EKMECE BEYAZ 46x102x86cm 323158-3317<\/p>\n","protected":false},"featured_media":30296,"template":"","meta":[],"product_brand":[],"product_cat":[41],"product_tag":[6716],"class_list":{"0":"post-30288","1":"product","2":"type-product","3":"status-publish","4":"has-post-thumbnail","6":"product_cat-611artf","7":"product_tag-611artf00487","9":"first","10":"instock","11":"taxable","12":"shipping-taxable","13":"product-type-simple"},"_links":{"self":[{"href":"https:\/\/kervanmagazacilik.com\/index.php\/wp-json\/wp\/v2\/product\/30288","targetHints":{"allow":["GET"]}}],"collection":[{"href":"https:\/\/kervanmagazacilik.com\/index.php\/wp-json\/wp\/v2\/product"}],"about":[{"href":"https:\/\/kervanmagazacilik.com\/index.php\/wp-json\/wp\/v2\/types\/product"}],"wp:featuredmedia":[{"embeddable":true,"href":"https:\/\/kervanmagazacilik.com\/index.php\/wp-json\/wp\/v2\/media\/30296"}],"wp:attachment":[{"href":"https:\/\/kervanmagazacilik.com\/index.php\/wp-json\/wp\/v2\/media?parent=30288"}],"wp:term":[{"taxonomy":"product_brand","embeddable":true,"href":"https:\/\/kervanmagazacilik.com\/index.php\/wp-json\/wp\/v2\/product_brand?post=30288"},{"taxonomy":"product_cat","embeddable":true,"href":"https:\/\/kervanmagazacilik.com\/index.php\/wp-json\/wp\/v2\/product_cat?post=30288"},{"taxonomy":"product_tag","embeddable":true,"href":"https:\/\/kervanmagazacilik.com\/index.php\/wp-json\/wp\/v2\/product_tag?post=30288"}],"curies":[{"name":"wp","href":"https:\/\/api.w.org\/{rel}","templated":true}]}}