{"id":30275,"date":"2025-08-12T14:35:11","date_gmt":"2025-08-12T11:35:11","guid":{"rendered":"https:\/\/kervanmagazacilik.com\/?post_type=product&#038;p=30275"},"modified":"2025-08-12T14:35:11","modified_gmt":"2025-08-12T11:35:11","slug":"611artf00339","status":"publish","type":"product","link":"https:\/\/kervanmagazacilik.com\/index.php\/urun\/611artf00339\/","title":{"rendered":"611ARTF00339"},"content":{"rendered":"<p>611ARTF00339<\/p>\n<p>MEZZAN\u0130NE D\u0130KD\u00d6RTGEN ORTA SEHPA CAMLI GR\u0130 71x122x46cm 325320-2249<\/p>\n","protected":false},"excerpt":{"rendered":"<p>611ARTF00339 MEZZAN\u0130NE D\u0130KD\u00d6RTGEN ORTA SEHPA CAMLI GR\u0130 71x122x46cm 325320-2249<\/p>\n","protected":false},"featured_media":30277,"template":"","meta":[],"product_brand":[],"product_cat":[41],"product_tag":[],"class_list":{"0":"post-30275","1":"product","2":"type-product","3":"status-publish","4":"has-post-thumbnail","6":"product_cat-611artf","8":"first","9":"instock","10":"taxable","11":"shipping-taxable","12":"product-type-simple"},"_links":{"self":[{"href":"https:\/\/kervanmagazacilik.com\/index.php\/wp-json\/wp\/v2\/product\/30275","targetHints":{"allow":["GET"]}}],"collection":[{"href":"https:\/\/kervanmagazacilik.com\/index.php\/wp-json\/wp\/v2\/product"}],"about":[{"href":"https:\/\/kervanmagazacilik.com\/index.php\/wp-json\/wp\/v2\/types\/product"}],"wp:featuredmedia":[{"embeddable":true,"href":"https:\/\/kervanmagazacilik.com\/index.php\/wp-json\/wp\/v2\/media\/30277"}],"wp:attachment":[{"href":"https:\/\/kervanmagazacilik.com\/index.php\/wp-json\/wp\/v2\/media?parent=30275"}],"wp:term":[{"taxonomy":"product_brand","embeddable":true,"href":"https:\/\/kervanmagazacilik.com\/index.php\/wp-json\/wp\/v2\/product_brand?post=30275"},{"taxonomy":"product_cat","embeddable":true,"href":"https:\/\/kervanmagazacilik.com\/index.php\/wp-json\/wp\/v2\/product_cat?post=30275"},{"taxonomy":"product_tag","embeddable":true,"href":"https:\/\/kervanmagazacilik.com\/index.php\/wp-json\/wp\/v2\/product_tag?post=30275"}],"curies":[{"name":"wp","href":"https:\/\/api.w.org\/{rel}","templated":true}]}}