{"id":30255,"date":"2025-08-12T14:22:10","date_gmt":"2025-08-12T11:22:10","guid":{"rendered":"https:\/\/kervanmagazacilik.com\/?post_type=product&#038;p=30255"},"modified":"2025-08-12T14:22:10","modified_gmt":"2025-08-12T11:22:10","slug":"611artf00328","status":"publish","type":"product","link":"https:\/\/kervanmagazacilik.com\/index.php\/urun\/611artf00328\/","title":{"rendered":"611ARTF00328"},"content":{"rendered":"<p>611ARTF00328<\/p>\n<p>HARPER \u00dc\u00c7L\u00dc KOLTUK 86x215x95cm 161501-5021AA<\/p>\n","protected":false},"excerpt":{"rendered":"<p>611ARTF00328 HARPER \u00dc\u00c7L\u00dc KOLTUK 86x215x95cm 161501-5021AA<\/p>\n","protected":false},"featured_media":30258,"template":"","meta":[],"product_brand":[],"product_cat":[41],"product_tag":[6710],"class_list":{"0":"post-30255","1":"product","2":"type-product","3":"status-publish","4":"has-post-thumbnail","6":"product_cat-611artf","7":"product_tag-611artf00328","9":"first","10":"instock","11":"taxable","12":"shipping-taxable","13":"product-type-simple"},"_links":{"self":[{"href":"https:\/\/kervanmagazacilik.com\/index.php\/wp-json\/wp\/v2\/product\/30255","targetHints":{"allow":["GET"]}}],"collection":[{"href":"https:\/\/kervanmagazacilik.com\/index.php\/wp-json\/wp\/v2\/product"}],"about":[{"href":"https:\/\/kervanmagazacilik.com\/index.php\/wp-json\/wp\/v2\/types\/product"}],"wp:featuredmedia":[{"embeddable":true,"href":"https:\/\/kervanmagazacilik.com\/index.php\/wp-json\/wp\/v2\/media\/30258"}],"wp:attachment":[{"href":"https:\/\/kervanmagazacilik.com\/index.php\/wp-json\/wp\/v2\/media?parent=30255"}],"wp:term":[{"taxonomy":"product_brand","embeddable":true,"href":"https:\/\/kervanmagazacilik.com\/index.php\/wp-json\/wp\/v2\/product_brand?post=30255"},{"taxonomy":"product_cat","embeddable":true,"href":"https:\/\/kervanmagazacilik.com\/index.php\/wp-json\/wp\/v2\/product_cat?post=30255"},{"taxonomy":"product_tag","embeddable":true,"href":"https:\/\/kervanmagazacilik.com\/index.php\/wp-json\/wp\/v2\/product_tag?post=30255"}],"curies":[{"name":"wp","href":"https:\/\/api.w.org\/{rel}","templated":true}]}}