{"id":30231,"date":"2025-08-11T16:12:25","date_gmt":"2025-08-11T13:12:25","guid":{"rendered":"https:\/\/kervanmagazacilik.com\/?post_type=product&#038;p=30231"},"modified":"2025-08-11T16:12:26","modified_gmt":"2025-08-11T13:12:26","slug":"611pym000142","status":"publish","type":"product","link":"https:\/\/kervanmagazacilik.com\/index.php\/urun\/611pym000142\/","title":{"rendered":"611PYM000142"},"content":{"rendered":"<p>611PYM000142<\/p>\n<p>CURL \u00dc\u00c7L\u00dc KOLTUK BORDO 85x230x67cm (NAPOL\u0130 219)<\/p>\n<p>NAPOL\u0130 219<\/p>\n<p>% 100 POLYESTER<\/p>\n","protected":false},"excerpt":{"rendered":"<p>611PYM000142 CURL \u00dc\u00c7L\u00dc KOLTUK BORDO 85x230x67cm (NAPOL\u0130 219) NAPOL\u0130 219 % 100 POLYESTER<\/p>\n","protected":false},"featured_media":30232,"template":"","meta":[],"product_brand":[],"product_cat":[73],"product_tag":[6706],"class_list":{"0":"post-30231","1":"product","2":"type-product","3":"status-publish","4":"has-post-thumbnail","6":"product_cat-611pym","7":"product_tag-611pym000142","9":"first","10":"instock","11":"taxable","12":"shipping-taxable","13":"product-type-simple"},"_links":{"self":[{"href":"https:\/\/kervanmagazacilik.com\/index.php\/wp-json\/wp\/v2\/product\/30231","targetHints":{"allow":["GET"]}}],"collection":[{"href":"https:\/\/kervanmagazacilik.com\/index.php\/wp-json\/wp\/v2\/product"}],"about":[{"href":"https:\/\/kervanmagazacilik.com\/index.php\/wp-json\/wp\/v2\/types\/product"}],"wp:featuredmedia":[{"embeddable":true,"href":"https:\/\/kervanmagazacilik.com\/index.php\/wp-json\/wp\/v2\/media\/30232"}],"wp:attachment":[{"href":"https:\/\/kervanmagazacilik.com\/index.php\/wp-json\/wp\/v2\/media?parent=30231"}],"wp:term":[{"taxonomy":"product_brand","embeddable":true,"href":"https:\/\/kervanmagazacilik.com\/index.php\/wp-json\/wp\/v2\/product_brand?post=30231"},{"taxonomy":"product_cat","embeddable":true,"href":"https:\/\/kervanmagazacilik.com\/index.php\/wp-json\/wp\/v2\/product_cat?post=30231"},{"taxonomy":"product_tag","embeddable":true,"href":"https:\/\/kervanmagazacilik.com\/index.php\/wp-json\/wp\/v2\/product_tag?post=30231"}],"curies":[{"name":"wp","href":"https:\/\/api.w.org\/{rel}","templated":true}]}}