{"id":30223,"date":"2025-08-11T15:44:14","date_gmt":"2025-08-11T12:44:14","guid":{"rendered":"https:\/\/kervanmagazacilik.com\/?post_type=product&#038;p=30223"},"modified":"2025-08-11T15:44:14","modified_gmt":"2025-08-11T12:44:14","slug":"611trp000034","status":"publish","type":"product","link":"https:\/\/kervanmagazacilik.com\/index.php\/urun\/611trp000034\/","title":{"rendered":"611TRP000034"},"content":{"rendered":"<p>611TRP000034<\/p>\n<p>Ah\u015fap cinsi :Geri D\u00f6n\u00fc\u015ft\u00fcr\u00fclm\u00fc\u015f Tik A\u011fac\u0131<\/p>\n<p>*Periyodik olarak mobilyalar\u0131n tozunu al\u0131n veya el tipi elektrikli s\u00fcp\u00fcrge kullanarak koltu\u011fu temizleyin (do\u011fru aparat\u0131 kullan\u0131n ve d\u00fc\u015f\u00fck emi\u015f g\u00fcc\u00fcne ayarlay\u0131n).<br \/>\n*Gerekli g\u00f6r\u00fcld\u00fc\u011f\u00fc takdirde ah\u015fap alanlar\u0131 temizlemek i\u00e7in hafif nemli bir bez kullanarak nokta temizli\u011fi yap\u0131n, ard\u0131ndan hemen kurulay\u0131n.<br \/>\n*G\u00fc\u00e7l\u00fc temizlik maddeleri veya a\u015f\u0131nd\u0131r\u0131c\u0131lar kullanmay\u0131n.<br \/>\n*\u00dczerine basmay\u0131n veya \u00fczerinde z\u0131plamay\u0131n.<br \/>\n*Direkt olarak g\u00fcne\u015f \u0131\u015f\u0131\u011f\u0131na, a\u015f\u0131r\u0131 s\u0131ca\u011fa veya so\u011fu\u011fa maruz b\u0131rakmay\u0131n.<\/p>\n<p>Minder \u00d6zellikleri;<br \/>\n\u00dcr\u00fcn\u00fc temiz, kuru ve d\u00fcz bir y\u00fczeye koyun. \u00c7ok nemli bir alana koymaktan ka\u00e7\u0131n\u0131n.<br \/>\nMinderin kuma\u015f\u0131: %100 pamuk<br \/>\nMinder i\u00e7in y\u0131kama talimat\u0131;<br \/>\n&#8211; K\u00fcveti \u0131l\u0131k su ve hafif deterjanla doldurun<br \/>\n&#8211; Minderi suya bat\u0131r\u0131n ve kiri \u00e7\u0131karmak i\u00e7in elle y\u0131kay\u0131n<br \/>\n-K\u00fcveti bo\u015falt\u0131n ve temiz suyla doldurun . T\u00fcm sabun \u00e7\u0131kana kadar durulay\u0131n.<br \/>\n-Kullanmadan \u00f6nce minderin tamamen kurudu\u011fundan emin olun.<\/p>\n","protected":false},"excerpt":{"rendered":"<p>611TRP000034 Ah\u015fap cinsi :Geri D\u00f6n\u00fc\u015ft\u00fcr\u00fclm\u00fc\u015f Tik A\u011fac\u0131 *Periyodik olarak mobilyalar\u0131n tozunu al\u0131n veya el tipi elektrikli s\u00fcp\u00fcrge kullanarak koltu\u011fu temizleyin (do\u011fru aparat\u0131 kullan\u0131n ve d\u00fc\u015f\u00fck emi\u015f g\u00fcc\u00fcne ayarlay\u0131n). *Gerekli g\u00f6r\u00fcld\u00fc\u011f\u00fc takdirde ah\u015fap alanlar\u0131 temizlemek i\u00e7in hafif nemli bir bez kullanarak nokta temizli\u011fi yap\u0131n, ard\u0131ndan hemen kurulay\u0131n. *G\u00fc\u00e7l\u00fc temizlik maddeleri veya a\u015f\u0131nd\u0131r\u0131c\u0131lar kullanmay\u0131n. *\u00dczerine basmay\u0131n veya [&hellip;]<\/p>\n","protected":false},"featured_media":30224,"template":"","meta":[],"product_brand":[],"product_cat":[115],"product_tag":[6705],"class_list":{"0":"post-30223","1":"product","2":"type-product","3":"status-publish","4":"has-post-thumbnail","6":"product_cat-611trp","7":"product_tag-611trp000034","9":"first","10":"instock","11":"taxable","12":"shipping-taxable","13":"product-type-simple"},"_links":{"self":[{"href":"https:\/\/kervanmagazacilik.com\/index.php\/wp-json\/wp\/v2\/product\/30223","targetHints":{"allow":["GET"]}}],"collection":[{"href":"https:\/\/kervanmagazacilik.com\/index.php\/wp-json\/wp\/v2\/product"}],"about":[{"href":"https:\/\/kervanmagazacilik.com\/index.php\/wp-json\/wp\/v2\/types\/product"}],"wp:featuredmedia":[{"embeddable":true,"href":"https:\/\/kervanmagazacilik.com\/index.php\/wp-json\/wp\/v2\/media\/30224"}],"wp:attachment":[{"href":"https:\/\/kervanmagazacilik.com\/index.php\/wp-json\/wp\/v2\/media?parent=30223"}],"wp:term":[{"taxonomy":"product_brand","embeddable":true,"href":"https:\/\/kervanmagazacilik.com\/index.php\/wp-json\/wp\/v2\/product_brand?post=30223"},{"taxonomy":"product_cat","embeddable":true,"href":"https:\/\/kervanmagazacilik.com\/index.php\/wp-json\/wp\/v2\/product_cat?post=30223"},{"taxonomy":"product_tag","embeddable":true,"href":"https:\/\/kervanmagazacilik.com\/index.php\/wp-json\/wp\/v2\/product_tag?post=30223"}],"curies":[{"name":"wp","href":"https:\/\/api.w.org\/{rel}","templated":true}]}}