{"id":30220,"date":"2025-08-11T15:15:10","date_gmt":"2025-08-11T12:15:10","guid":{"rendered":"https:\/\/kervanmagazacilik.com\/?post_type=product&#038;p=30220"},"modified":"2025-08-11T15:15:11","modified_gmt":"2025-08-11T12:15:11","slug":"900win000009","status":"publish","type":"product","link":"https:\/\/kervanmagazacilik.com\/index.php\/urun\/900win000009\/","title":{"rendered":"900WIN000009"},"content":{"rendered":"<p>900WIN000009<\/p>\n<p>M\u0130N\u0130 PALM\u0130YE YAPAY AGAC 170cm (759TUF000006)<\/p>\n","protected":false},"excerpt":{"rendered":"<p>900WIN000009 M\u0130N\u0130 PALM\u0130YE YAPAY AGAC 170cm (759TUF000006)<\/p>\n","protected":false},"featured_media":30221,"template":"","meta":[],"product_brand":[],"product_cat":[290],"product_tag":[6704],"class_list":{"0":"post-30220","1":"product","2":"type-product","3":"status-publish","4":"has-post-thumbnail","6":"product_cat-900win","7":"product_tag-900win000009","9":"first","10":"instock","11":"taxable","12":"shipping-taxable","13":"product-type-simple"},"_links":{"self":[{"href":"https:\/\/kervanmagazacilik.com\/index.php\/wp-json\/wp\/v2\/product\/30220","targetHints":{"allow":["GET"]}}],"collection":[{"href":"https:\/\/kervanmagazacilik.com\/index.php\/wp-json\/wp\/v2\/product"}],"about":[{"href":"https:\/\/kervanmagazacilik.com\/index.php\/wp-json\/wp\/v2\/types\/product"}],"wp:featuredmedia":[{"embeddable":true,"href":"https:\/\/kervanmagazacilik.com\/index.php\/wp-json\/wp\/v2\/media\/30221"}],"wp:attachment":[{"href":"https:\/\/kervanmagazacilik.com\/index.php\/wp-json\/wp\/v2\/media?parent=30220"}],"wp:term":[{"taxonomy":"product_brand","embeddable":true,"href":"https:\/\/kervanmagazacilik.com\/index.php\/wp-json\/wp\/v2\/product_brand?post=30220"},{"taxonomy":"product_cat","embeddable":true,"href":"https:\/\/kervanmagazacilik.com\/index.php\/wp-json\/wp\/v2\/product_cat?post=30220"},{"taxonomy":"product_tag","embeddable":true,"href":"https:\/\/kervanmagazacilik.com\/index.php\/wp-json\/wp\/v2\/product_tag?post=30220"}],"curies":[{"name":"wp","href":"https:\/\/api.w.org\/{rel}","templated":true}]}}