{"id":30210,"date":"2025-08-11T15:04:12","date_gmt":"2025-08-11T12:04:12","guid":{"rendered":"https:\/\/kervanmagazacilik.com\/?post_type=product&#038;p=30210"},"modified":"2025-08-11T15:04:12","modified_gmt":"2025-08-11T12:04:12","slug":"900jia000060","status":"publish","type":"product","link":"https:\/\/kervanmagazacilik.com\/index.php\/urun\/900jia000060\/","title":{"rendered":"900JIA000060"},"content":{"rendered":"<p>900JIA000060<\/p>\n<p>HA4SB23B12GNA F\u0130KU YE\u015e\u0130L 240 CM (759TUF000110)<\/p>\n","protected":false},"excerpt":{"rendered":"<p>900JIA000060 HA4SB23B12GNA F\u0130KU YE\u015e\u0130L 240 CM (759TUF000110)<\/p>\n","protected":false},"featured_media":30211,"template":"","meta":[],"product_brand":[],"product_cat":[285],"product_tag":[6701],"class_list":{"0":"post-30210","1":"product","2":"type-product","3":"status-publish","4":"has-post-thumbnail","6":"product_cat-900jia","7":"product_tag-900jia000060","9":"first","10":"instock","11":"taxable","12":"shipping-taxable","13":"product-type-simple"},"_links":{"self":[{"href":"https:\/\/kervanmagazacilik.com\/index.php\/wp-json\/wp\/v2\/product\/30210","targetHints":{"allow":["GET"]}}],"collection":[{"href":"https:\/\/kervanmagazacilik.com\/index.php\/wp-json\/wp\/v2\/product"}],"about":[{"href":"https:\/\/kervanmagazacilik.com\/index.php\/wp-json\/wp\/v2\/types\/product"}],"wp:featuredmedia":[{"embeddable":true,"href":"https:\/\/kervanmagazacilik.com\/index.php\/wp-json\/wp\/v2\/media\/30211"}],"wp:attachment":[{"href":"https:\/\/kervanmagazacilik.com\/index.php\/wp-json\/wp\/v2\/media?parent=30210"}],"wp:term":[{"taxonomy":"product_brand","embeddable":true,"href":"https:\/\/kervanmagazacilik.com\/index.php\/wp-json\/wp\/v2\/product_brand?post=30210"},{"taxonomy":"product_cat","embeddable":true,"href":"https:\/\/kervanmagazacilik.com\/index.php\/wp-json\/wp\/v2\/product_cat?post=30210"},{"taxonomy":"product_tag","embeddable":true,"href":"https:\/\/kervanmagazacilik.com\/index.php\/wp-json\/wp\/v2\/product_tag?post=30210"}],"curies":[{"name":"wp","href":"https:\/\/api.w.org\/{rel}","templated":true}]}}