{"id":30200,"date":"2025-08-11T14:52:44","date_gmt":"2025-08-11T11:52:44","guid":{"rendered":"https:\/\/kervanmagazacilik.com\/?post_type=product&#038;p=30200"},"modified":"2025-08-11T14:52:45","modified_gmt":"2025-08-11T11:52:45","slug":"900jia000057","status":"publish","type":"product","link":"https:\/\/kervanmagazacilik.com\/index.php\/urun\/900jia000057\/","title":{"rendered":"900JIA000057"},"content":{"rendered":"<p>900JIA000057<\/p>\n<p>HA4LY54210B KRAL\u0130\u00c7E STRELITZIA YE\u015e\u0130L 240 CM (759TUF000024)<\/p>\n<p>&nbsp;<\/p>\n","protected":false},"excerpt":{"rendered":"<p>900JIA000057 HA4LY54210B KRAL\u0130\u00c7E STRELITZIA YE\u015e\u0130L 240 CM (759TUF000024) &nbsp;<\/p>\n","protected":false},"featured_media":30201,"template":"","meta":[],"product_brand":[],"product_cat":[285],"product_tag":[6698],"class_list":{"0":"post-30200","1":"product","2":"type-product","3":"status-publish","4":"has-post-thumbnail","6":"product_cat-900jia","7":"product_tag-900jia000057","9":"first","10":"instock","11":"taxable","12":"shipping-taxable","13":"product-type-simple"},"_links":{"self":[{"href":"https:\/\/kervanmagazacilik.com\/index.php\/wp-json\/wp\/v2\/product\/30200","targetHints":{"allow":["GET"]}}],"collection":[{"href":"https:\/\/kervanmagazacilik.com\/index.php\/wp-json\/wp\/v2\/product"}],"about":[{"href":"https:\/\/kervanmagazacilik.com\/index.php\/wp-json\/wp\/v2\/types\/product"}],"wp:featuredmedia":[{"embeddable":true,"href":"https:\/\/kervanmagazacilik.com\/index.php\/wp-json\/wp\/v2\/media\/30201"}],"wp:attachment":[{"href":"https:\/\/kervanmagazacilik.com\/index.php\/wp-json\/wp\/v2\/media?parent=30200"}],"wp:term":[{"taxonomy":"product_brand","embeddable":true,"href":"https:\/\/kervanmagazacilik.com\/index.php\/wp-json\/wp\/v2\/product_brand?post=30200"},{"taxonomy":"product_cat","embeddable":true,"href":"https:\/\/kervanmagazacilik.com\/index.php\/wp-json\/wp\/v2\/product_cat?post=30200"},{"taxonomy":"product_tag","embeddable":true,"href":"https:\/\/kervanmagazacilik.com\/index.php\/wp-json\/wp\/v2\/product_tag?post=30200"}],"curies":[{"name":"wp","href":"https:\/\/api.w.org\/{rel}","templated":true}]}}