{"id":30170,"date":"2025-08-11T12:30:38","date_gmt":"2025-08-11T09:30:38","guid":{"rendered":"https:\/\/kervanmagazacilik.com\/?post_type=product&#038;p=30170"},"modified":"2025-08-11T12:30:39","modified_gmt":"2025-08-11T09:30:39","slug":"241hsh001703","status":"publish","type":"product","link":"https:\/\/kervanmagazacilik.com\/index.php\/urun\/241hsh001703\/","title":{"rendered":"241HSH001703"},"content":{"rendered":"<p>241HSH001703<\/p>\n<p>RASSA RUNNER NATURAL 40X120 CM<\/p>\n<p>Kuma\u015f:%100 jut<br \/>\n%100 Ka\u011f\u0131t ip<br \/>\nEl \u00f6rg\u00fcs\u00fcd\u00fcr.<br \/>\nY\u0131kama yap\u0131lamaz<br \/>\n\u00c7ama\u015f\u0131r suyu konamaz<br \/>\nKurutma makinesinde kurutulamaz<br \/>\n\u00dct\u00fcleme yap\u0131lamaz<br \/>\nSadece nemli bez ile silinebilir<br \/>\n\u00d6l\u00e7\u00fcler +\/- 5 cm de\u011fi\u015fkenlik g\u00f6sterebilir<\/p>\n<p>ALT GRUP: SOFRA<br \/>\n\u00d6l\u00e7\u00fcler +\/- 5 cm de\u011fi\u015fkenlik g\u00f6sterebilir<\/p>\n","protected":false},"excerpt":{"rendered":"<p>241HSH001703 RASSA RUNNER NATURAL 40X120 CM Kuma\u015f:%100 jut %100 Ka\u011f\u0131t ip El \u00f6rg\u00fcs\u00fcd\u00fcr. Y\u0131kama yap\u0131lamaz \u00c7ama\u015f\u0131r suyu konamaz Kurutma makinesinde kurutulamaz \u00dct\u00fcleme yap\u0131lamaz Sadece nemli bez ile silinebilir \u00d6l\u00e7\u00fcler +\/- 5 cm de\u011fi\u015fkenlik g\u00f6sterebilir ALT GRUP: SOFRA \u00d6l\u00e7\u00fcler +\/- 5 cm de\u011fi\u015fkenlik g\u00f6sterebilir<\/p>\n","protected":false},"featured_media":30171,"template":"","meta":[],"product_brand":[],"product_cat":[2922],"product_tag":[6694],"class_list":{"0":"post-30170","1":"product","2":"type-product","3":"status-publish","4":"has-post-thumbnail","6":"product_cat-241hsh","7":"product_tag-241hsh001703","9":"first","10":"instock","11":"taxable","12":"shipping-taxable","13":"product-type-simple"},"_links":{"self":[{"href":"https:\/\/kervanmagazacilik.com\/index.php\/wp-json\/wp\/v2\/product\/30170","targetHints":{"allow":["GET"]}}],"collection":[{"href":"https:\/\/kervanmagazacilik.com\/index.php\/wp-json\/wp\/v2\/product"}],"about":[{"href":"https:\/\/kervanmagazacilik.com\/index.php\/wp-json\/wp\/v2\/types\/product"}],"wp:featuredmedia":[{"embeddable":true,"href":"https:\/\/kervanmagazacilik.com\/index.php\/wp-json\/wp\/v2\/media\/30171"}],"wp:attachment":[{"href":"https:\/\/kervanmagazacilik.com\/index.php\/wp-json\/wp\/v2\/media?parent=30170"}],"wp:term":[{"taxonomy":"product_brand","embeddable":true,"href":"https:\/\/kervanmagazacilik.com\/index.php\/wp-json\/wp\/v2\/product_brand?post=30170"},{"taxonomy":"product_cat","embeddable":true,"href":"https:\/\/kervanmagazacilik.com\/index.php\/wp-json\/wp\/v2\/product_cat?post=30170"},{"taxonomy":"product_tag","embeddable":true,"href":"https:\/\/kervanmagazacilik.com\/index.php\/wp-json\/wp\/v2\/product_tag?post=30170"}],"curies":[{"name":"wp","href":"https:\/\/api.w.org\/{rel}","templated":true}]}}