{"id":30166,"date":"2025-08-11T12:28:52","date_gmt":"2025-08-11T09:28:52","guid":{"rendered":"https:\/\/kervanmagazacilik.com\/?post_type=product&#038;p=30166"},"modified":"2025-08-11T12:28:53","modified_gmt":"2025-08-11T09:28:53","slug":"150hsh000994","status":"publish","type":"product","link":"https:\/\/kervanmagazacilik.com\/index.php\/urun\/150hsh000994\/","title":{"rendered":"150HSH000994"},"content":{"rendered":"<p>150HSH000994<\/p>\n<p>RASSA KARAF 12&#215;29 cm NATURAL<\/p>\n<p>El \u00f6rg\u00fcs\u00fcd\u00fcr.<br \/>\n%100 Ka\u011f\u0131t ip<br \/>\n\u0130\u00e7indeki karaf 1250 cc&#8217;dir.<\/p>\n<p>ALT GRUP: SOFRA<\/p>\n","protected":false},"excerpt":{"rendered":"<p>150HSH000994 RASSA KARAF 12&#215;29 cm NATURAL El \u00f6rg\u00fcs\u00fcd\u00fcr. %100 Ka\u011f\u0131t ip \u0130\u00e7indeki karaf 1250 cc&#8217;dir. ALT GRUP: SOFRA<\/p>\n","protected":false},"featured_media":30167,"template":"","meta":[],"product_brand":[],"product_cat":[164],"product_tag":[6693],"class_list":{"0":"post-30166","1":"product","2":"type-product","3":"status-publish","4":"has-post-thumbnail","6":"product_cat-150hsh","7":"product_tag-150hsh000994","9":"first","10":"instock","11":"taxable","12":"shipping-taxable","13":"product-type-simple"},"_links":{"self":[{"href":"https:\/\/kervanmagazacilik.com\/index.php\/wp-json\/wp\/v2\/product\/30166","targetHints":{"allow":["GET"]}}],"collection":[{"href":"https:\/\/kervanmagazacilik.com\/index.php\/wp-json\/wp\/v2\/product"}],"about":[{"href":"https:\/\/kervanmagazacilik.com\/index.php\/wp-json\/wp\/v2\/types\/product"}],"wp:featuredmedia":[{"embeddable":true,"href":"https:\/\/kervanmagazacilik.com\/index.php\/wp-json\/wp\/v2\/media\/30167"}],"wp:attachment":[{"href":"https:\/\/kervanmagazacilik.com\/index.php\/wp-json\/wp\/v2\/media?parent=30166"}],"wp:term":[{"taxonomy":"product_brand","embeddable":true,"href":"https:\/\/kervanmagazacilik.com\/index.php\/wp-json\/wp\/v2\/product_brand?post=30166"},{"taxonomy":"product_cat","embeddable":true,"href":"https:\/\/kervanmagazacilik.com\/index.php\/wp-json\/wp\/v2\/product_cat?post=30166"},{"taxonomy":"product_tag","embeddable":true,"href":"https:\/\/kervanmagazacilik.com\/index.php\/wp-json\/wp\/v2\/product_tag?post=30166"}],"curies":[{"name":"wp","href":"https:\/\/api.w.org\/{rel}","templated":true}]}}