{"id":30161,"date":"2025-08-11T12:20:52","date_gmt":"2025-08-11T09:20:52","guid":{"rendered":"https:\/\/kervanmagazacilik.com\/?post_type=product&#038;p=30161"},"modified":"2025-08-11T12:20:53","modified_gmt":"2025-08-11T09:20:53","slug":"900arj000278","status":"publish","type":"product","link":"https:\/\/kervanmagazacilik.com\/index.php\/urun\/900arj000278\/","title":{"rendered":"900ARJ000278"},"content":{"rendered":"<p>900ARJ000278<\/p>\n<p>SERRA ARANJMAN 45X55 CM<\/p>\n<p>MALZEME: Plastik+\u00c7imento<br \/>\n\u00d6l\u00e7\u00fcler +\/- 5 cm de\u011fi\u015fkenlik g\u00f6sterebilir<br \/>\nHafif nemli bezle silinebilir<br \/>\nSaks\u0131 \u00f6l\u00e7\u00fcs\u00fc: 24x24x29 cm<\/p>\n","protected":false},"excerpt":{"rendered":"<p>900ARJ000278 SERRA ARANJMAN 45X55 CM MALZEME: Plastik+\u00c7imento \u00d6l\u00e7\u00fcler +\/- 5 cm de\u011fi\u015fkenlik g\u00f6sterebilir Hafif nemli bezle silinebilir Saks\u0131 \u00f6l\u00e7\u00fcs\u00fc: 24x24x29 cm<\/p>\n","protected":false},"featured_media":30162,"template":"","meta":[],"product_brand":[],"product_cat":[280],"product_tag":[6692],"class_list":{"0":"post-30161","1":"product","2":"type-product","3":"status-publish","4":"has-post-thumbnail","6":"product_cat-900arj","7":"product_tag-900arj000278","9":"first","10":"instock","11":"taxable","12":"shipping-taxable","13":"product-type-simple"},"_links":{"self":[{"href":"https:\/\/kervanmagazacilik.com\/index.php\/wp-json\/wp\/v2\/product\/30161","targetHints":{"allow":["GET"]}}],"collection":[{"href":"https:\/\/kervanmagazacilik.com\/index.php\/wp-json\/wp\/v2\/product"}],"about":[{"href":"https:\/\/kervanmagazacilik.com\/index.php\/wp-json\/wp\/v2\/types\/product"}],"wp:featuredmedia":[{"embeddable":true,"href":"https:\/\/kervanmagazacilik.com\/index.php\/wp-json\/wp\/v2\/media\/30162"}],"wp:attachment":[{"href":"https:\/\/kervanmagazacilik.com\/index.php\/wp-json\/wp\/v2\/media?parent=30161"}],"wp:term":[{"taxonomy":"product_brand","embeddable":true,"href":"https:\/\/kervanmagazacilik.com\/index.php\/wp-json\/wp\/v2\/product_brand?post=30161"},{"taxonomy":"product_cat","embeddable":true,"href":"https:\/\/kervanmagazacilik.com\/index.php\/wp-json\/wp\/v2\/product_cat?post=30161"},{"taxonomy":"product_tag","embeddable":true,"href":"https:\/\/kervanmagazacilik.com\/index.php\/wp-json\/wp\/v2\/product_tag?post=30161"}],"curies":[{"name":"wp","href":"https:\/\/api.w.org\/{rel}","templated":true}]}}