{"id":30114,"date":"2025-08-11T08:49:11","date_gmt":"2025-08-11T05:49:11","guid":{"rendered":"https:\/\/kervanmagazacilik.com\/?post_type=product&#038;p=30114"},"modified":"2025-08-11T08:49:11","modified_gmt":"2025-08-11T05:49:11","slug":"052wol000007","status":"publish","type":"product","link":"https:\/\/kervanmagazacilik.com\/index.php\/urun\/052wol000007\/","title":{"rendered":"052WOL000007"},"content":{"rendered":"<p>052WOL000007<\/p>\n<p>SOFT YORGAN 240&#215;220 \u00c7.K \u0130ND\u0130GO<\/p>\n<p>Yorgan:%100 Polyester<\/p>\n<p>Yorgan \/240x220cm<br \/>\n\u00d6rt\u00fc Yast\u0131\u011f\u0131 \/50x70cm 2 ad.<\/p>\n","protected":false},"excerpt":{"rendered":"<p>052WOL000007 SOFT YORGAN 240&#215;220 \u00c7.K \u0130ND\u0130GO Yorgan:%100 Polyester Yorgan \/240x220cm \u00d6rt\u00fc Yast\u0131\u011f\u0131 \/50x70cm 2 ad.<\/p>\n","protected":false},"featured_media":30115,"template":"","meta":[],"product_brand":[],"product_cat":[6686],"product_tag":[6687],"class_list":{"0":"post-30114","1":"product","2":"type-product","3":"status-publish","4":"has-post-thumbnail","6":"product_cat-052wol","7":"product_tag-052wol000007","9":"first","10":"instock","11":"taxable","12":"shipping-taxable","13":"product-type-simple"},"_links":{"self":[{"href":"https:\/\/kervanmagazacilik.com\/index.php\/wp-json\/wp\/v2\/product\/30114","targetHints":{"allow":["GET"]}}],"collection":[{"href":"https:\/\/kervanmagazacilik.com\/index.php\/wp-json\/wp\/v2\/product"}],"about":[{"href":"https:\/\/kervanmagazacilik.com\/index.php\/wp-json\/wp\/v2\/types\/product"}],"wp:featuredmedia":[{"embeddable":true,"href":"https:\/\/kervanmagazacilik.com\/index.php\/wp-json\/wp\/v2\/media\/30115"}],"wp:attachment":[{"href":"https:\/\/kervanmagazacilik.com\/index.php\/wp-json\/wp\/v2\/media?parent=30114"}],"wp:term":[{"taxonomy":"product_brand","embeddable":true,"href":"https:\/\/kervanmagazacilik.com\/index.php\/wp-json\/wp\/v2\/product_brand?post=30114"},{"taxonomy":"product_cat","embeddable":true,"href":"https:\/\/kervanmagazacilik.com\/index.php\/wp-json\/wp\/v2\/product_cat?post=30114"},{"taxonomy":"product_tag","embeddable":true,"href":"https:\/\/kervanmagazacilik.com\/index.php\/wp-json\/wp\/v2\/product_tag?post=30114"}],"curies":[{"name":"wp","href":"https:\/\/api.w.org\/{rel}","templated":true}]}}