{"id":30023,"date":"2025-07-31T11:29:39","date_gmt":"2025-07-31T08:29:39","guid":{"rendered":"https:\/\/kervanmagazacilik.com\/?post_type=product&#038;p=30023"},"modified":"2025-07-31T11:29:40","modified_gmt":"2025-07-31T08:29:40","slug":"10005ama0032","status":"publish","type":"product","link":"https:\/\/kervanmagazacilik.com\/index.php\/urun\/10005ama0032\/","title":{"rendered":"10005AMA0032"},"content":{"rendered":"<p>10005AMA0032<\/p>\n<p>BLASSOM KIRLENT ( AC22V0023 ) \u00c7OK RENKL\u0130 35X65 CM<\/p>\n<p>30\u00b0C MAK\u0130NEDE YIKAYIN, D\u00dc\u015e\u00dcK ISIDA \u00dcT\u00dcLEY\u0130N, \u00c7AMA\u015eIR SUYU KULLANMAYIN, KURUTMA MAK\u0130NES\u0130NDE KURUTMAYIN<\/p>\n","protected":false},"excerpt":{"rendered":"<p>10005AMA0032 BLASSOM KIRLENT ( AC22V0023 ) \u00c7OK RENKL\u0130 35X65 CM 30\u00b0C MAK\u0130NEDE YIKAYIN, D\u00dc\u015e\u00dcK ISIDA \u00dcT\u00dcLEY\u0130N, \u00c7AMA\u015eIR SUYU KULLANMAYIN, KURUTMA MAK\u0130NES\u0130NDE KURUTMAYIN<\/p>\n","protected":false},"featured_media":30024,"template":"","meta":[],"product_brand":[],"product_cat":[2621],"product_tag":[6661],"class_list":{"0":"post-30023","1":"product","2":"type-product","3":"status-publish","4":"has-post-thumbnail","6":"product_cat-10005ama","7":"product_tag-10005ama0032","9":"first","10":"instock","11":"taxable","12":"shipping-taxable","13":"product-type-simple"},"_links":{"self":[{"href":"https:\/\/kervanmagazacilik.com\/index.php\/wp-json\/wp\/v2\/product\/30023","targetHints":{"allow":["GET"]}}],"collection":[{"href":"https:\/\/kervanmagazacilik.com\/index.php\/wp-json\/wp\/v2\/product"}],"about":[{"href":"https:\/\/kervanmagazacilik.com\/index.php\/wp-json\/wp\/v2\/types\/product"}],"wp:featuredmedia":[{"embeddable":true,"href":"https:\/\/kervanmagazacilik.com\/index.php\/wp-json\/wp\/v2\/media\/30024"}],"wp:attachment":[{"href":"https:\/\/kervanmagazacilik.com\/index.php\/wp-json\/wp\/v2\/media?parent=30023"}],"wp:term":[{"taxonomy":"product_brand","embeddable":true,"href":"https:\/\/kervanmagazacilik.com\/index.php\/wp-json\/wp\/v2\/product_brand?post=30023"},{"taxonomy":"product_cat","embeddable":true,"href":"https:\/\/kervanmagazacilik.com\/index.php\/wp-json\/wp\/v2\/product_cat?post=30023"},{"taxonomy":"product_tag","embeddable":true,"href":"https:\/\/kervanmagazacilik.com\/index.php\/wp-json\/wp\/v2\/product_tag?post=30023"}],"curies":[{"name":"wp","href":"https:\/\/api.w.org\/{rel}","templated":true}]}}