{"id":30011,"date":"2025-07-31T11:24:54","date_gmt":"2025-07-31T08:24:54","guid":{"rendered":"https:\/\/kervanmagazacilik.com\/?post_type=product&#038;p=30011"},"modified":"2025-07-31T11:24:55","modified_gmt":"2025-07-31T08:24:55","slug":"10005ama0030","status":"publish","type":"product","link":"https:\/\/kervanmagazacilik.com\/index.php\/urun\/10005ama0030\/","title":{"rendered":"10005AMA0030"},"content":{"rendered":"<p>10005AMA0030<\/p>\n<p>BLOOM KIRLENT ( ACFL003 ) \u00c7OK RENKL\u0130 40X60 CM<\/p>\n<p>30\u00b0C ELDE YIKAYIN, D\u00dc\u015e\u00dcK ISIDA \u00dcT\u00dcLEY\u0130N, \u00c7AMA\u015eIR SUYU KULLANMAYIN, KURUTMA MAK\u0130NES\u0130NDE KURUTMAYIN<\/p>\n","protected":false},"excerpt":{"rendered":"<p>10005AMA0030 BLOOM KIRLENT ( ACFL003 ) \u00c7OK RENKL\u0130 40X60 CM 30\u00b0C ELDE YIKAYIN, D\u00dc\u015e\u00dcK ISIDA \u00dcT\u00dcLEY\u0130N, \u00c7AMA\u015eIR SUYU KULLANMAYIN, KURUTMA MAK\u0130NES\u0130NDE KURUTMAYIN<\/p>\n","protected":false},"featured_media":30012,"template":"","meta":[],"product_brand":[],"product_cat":[2621],"product_tag":[6659],"class_list":{"0":"post-30011","1":"product","2":"type-product","3":"status-publish","4":"has-post-thumbnail","6":"product_cat-10005ama","7":"product_tag-10005ama0030","9":"first","10":"instock","11":"taxable","12":"shipping-taxable","13":"product-type-simple"},"_links":{"self":[{"href":"https:\/\/kervanmagazacilik.com\/index.php\/wp-json\/wp\/v2\/product\/30011","targetHints":{"allow":["GET"]}}],"collection":[{"href":"https:\/\/kervanmagazacilik.com\/index.php\/wp-json\/wp\/v2\/product"}],"about":[{"href":"https:\/\/kervanmagazacilik.com\/index.php\/wp-json\/wp\/v2\/types\/product"}],"wp:featuredmedia":[{"embeddable":true,"href":"https:\/\/kervanmagazacilik.com\/index.php\/wp-json\/wp\/v2\/media\/30012"}],"wp:attachment":[{"href":"https:\/\/kervanmagazacilik.com\/index.php\/wp-json\/wp\/v2\/media?parent=30011"}],"wp:term":[{"taxonomy":"product_brand","embeddable":true,"href":"https:\/\/kervanmagazacilik.com\/index.php\/wp-json\/wp\/v2\/product_brand?post=30011"},{"taxonomy":"product_cat","embeddable":true,"href":"https:\/\/kervanmagazacilik.com\/index.php\/wp-json\/wp\/v2\/product_cat?post=30011"},{"taxonomy":"product_tag","embeddable":true,"href":"https:\/\/kervanmagazacilik.com\/index.php\/wp-json\/wp\/v2\/product_tag?post=30011"}],"curies":[{"name":"wp","href":"https:\/\/api.w.org\/{rel}","templated":true}]}}