{"id":29965,"date":"2025-07-31T09:41:26","date_gmt":"2025-07-31T06:41:26","guid":{"rendered":"https:\/\/kervanmagazacilik.com\/?post_type=product&#038;p=29965"},"modified":"2025-07-31T09:41:26","modified_gmt":"2025-07-31T06:41:26","slug":"284063104081","status":"publish","type":"product","link":"https:\/\/kervanmagazacilik.com\/index.php\/urun\/284063104081\/","title":{"rendered":"284063104081"},"content":{"rendered":"<table width=\"110\">\n<tbody>\n<tr>\n<td width=\"110\">284063104081<\/td>\n<\/tr>\n<\/tbody>\n<\/table>\n<table width=\"419\">\n<tbody>\n<tr>\n<td width=\"419\">ROSE DREAM PASPAS 40x60cm<\/td>\n<\/tr>\n<\/tbody>\n<\/table>\n<p>PASPAS: 40&#215;60 cm \u00d6l\u00e7\u00fcler +\/- 5 cm de\u011fi\u015fkenlik g\u00f6sterebilir 30 derece y\u0131kama \u00c7ama\u015f\u0131r suyu konamaz Kurutma makinesinde kurutulamaz \u00dct\u00fcleme yap\u0131lamaz<\/p>\n","protected":false},"excerpt":{"rendered":"<p>284063104081 ROSE DREAM PASPAS 40x60cm PASPAS: 40&#215;60 cm \u00d6l\u00e7\u00fcler +\/- 5 cm de\u011fi\u015fkenlik g\u00f6sterebilir 30 derece y\u0131kama \u00c7ama\u015f\u0131r suyu konamaz Kurutma makinesinde kurutulamaz \u00dct\u00fcleme yap\u0131lamaz<\/p>\n","protected":false},"featured_media":29967,"template":"","meta":[],"product_brand":[],"product_cat":[2922],"product_tag":[6647],"class_list":{"0":"post-29965","1":"product","2":"type-product","3":"status-publish","4":"has-post-thumbnail","6":"product_cat-241hsh","7":"product_tag-6647","9":"first","10":"instock","11":"taxable","12":"shipping-taxable","13":"product-type-simple"},"_links":{"self":[{"href":"https:\/\/kervanmagazacilik.com\/index.php\/wp-json\/wp\/v2\/product\/29965","targetHints":{"allow":["GET"]}}],"collection":[{"href":"https:\/\/kervanmagazacilik.com\/index.php\/wp-json\/wp\/v2\/product"}],"about":[{"href":"https:\/\/kervanmagazacilik.com\/index.php\/wp-json\/wp\/v2\/types\/product"}],"wp:featuredmedia":[{"embeddable":true,"href":"https:\/\/kervanmagazacilik.com\/index.php\/wp-json\/wp\/v2\/media\/29967"}],"wp:attachment":[{"href":"https:\/\/kervanmagazacilik.com\/index.php\/wp-json\/wp\/v2\/media?parent=29965"}],"wp:term":[{"taxonomy":"product_brand","embeddable":true,"href":"https:\/\/kervanmagazacilik.com\/index.php\/wp-json\/wp\/v2\/product_brand?post=29965"},{"taxonomy":"product_cat","embeddable":true,"href":"https:\/\/kervanmagazacilik.com\/index.php\/wp-json\/wp\/v2\/product_cat?post=29965"},{"taxonomy":"product_tag","embeddable":true,"href":"https:\/\/kervanmagazacilik.com\/index.php\/wp-json\/wp\/v2\/product_tag?post=29965"}],"curies":[{"name":"wp","href":"https:\/\/api.w.org\/{rel}","templated":true}]}}