{"id":29964,"date":"2025-07-31T09:45:38","date_gmt":"2025-07-31T06:45:38","guid":{"rendered":"https:\/\/kervanmagazacilik.com\/?post_type=product&#038;p=29964"},"modified":"2025-07-31T09:45:39","modified_gmt":"2025-07-31T06:45:39","slug":"284099012206","status":"publish","type":"product","link":"https:\/\/kervanmagazacilik.com\/index.php\/urun\/284099012206\/","title":{"rendered":"284099012206"},"content":{"rendered":"<table width=\"110\">\n<tbody>\n<tr>\n<td width=\"110\">284099012206<\/td>\n<\/tr>\n<\/tbody>\n<\/table>\n<table width=\"419\">\n<tbody>\n<tr>\n<td width=\"419\">NAGEL PASPAS TAS 40x60cm<\/td>\n<\/tr>\n<\/tbody>\n<\/table>\n<p>%100 pamuk<br \/>\nAksesuar, %100 polyester<br \/>\n30 derece y\u0131kama<br \/>\n\u00c7ama\u015f\u0131r suyu konamaz<br \/>\nKurutma makinesinde kurutulamaz<br \/>\n\u00dct\u00fcleme yap\u0131lmaz<\/p>\n","protected":false},"excerpt":{"rendered":"<p>284099012206 NAGEL PASPAS TAS 40x60cm %100 pamuk Aksesuar, %100 polyester 30 derece y\u0131kama \u00c7ama\u015f\u0131r suyu konamaz Kurutma makinesinde kurutulamaz \u00dct\u00fcleme yap\u0131lmaz<\/p>\n","protected":false},"featured_media":29974,"template":"","meta":[],"product_brand":[],"product_cat":[2922],"product_tag":[6649],"class_list":{"0":"post-29964","1":"product","2":"type-product","3":"status-publish","4":"has-post-thumbnail","6":"product_cat-241hsh","7":"product_tag-241hsh001677","9":"first","10":"instock","11":"taxable","12":"shipping-taxable","13":"product-type-simple"},"_links":{"self":[{"href":"https:\/\/kervanmagazacilik.com\/index.php\/wp-json\/wp\/v2\/product\/29964","targetHints":{"allow":["GET"]}}],"collection":[{"href":"https:\/\/kervanmagazacilik.com\/index.php\/wp-json\/wp\/v2\/product"}],"about":[{"href":"https:\/\/kervanmagazacilik.com\/index.php\/wp-json\/wp\/v2\/types\/product"}],"wp:featuredmedia":[{"embeddable":true,"href":"https:\/\/kervanmagazacilik.com\/index.php\/wp-json\/wp\/v2\/media\/29974"}],"wp:attachment":[{"href":"https:\/\/kervanmagazacilik.com\/index.php\/wp-json\/wp\/v2\/media?parent=29964"}],"wp:term":[{"taxonomy":"product_brand","embeddable":true,"href":"https:\/\/kervanmagazacilik.com\/index.php\/wp-json\/wp\/v2\/product_brand?post=29964"},{"taxonomy":"product_cat","embeddable":true,"href":"https:\/\/kervanmagazacilik.com\/index.php\/wp-json\/wp\/v2\/product_cat?post=29964"},{"taxonomy":"product_tag","embeddable":true,"href":"https:\/\/kervanmagazacilik.com\/index.php\/wp-json\/wp\/v2\/product_tag?post=29964"}],"curies":[{"name":"wp","href":"https:\/\/api.w.org\/{rel}","templated":true}]}}