{"id":29920,"date":"2025-07-30T08:25:57","date_gmt":"2025-07-30T05:25:57","guid":{"rendered":"https:\/\/kervanmagazacilik.com\/?post_type=product&#038;p=29920"},"modified":"2025-07-30T08:26:24","modified_gmt":"2025-07-30T05:26:24","slug":"900arj000277","status":"publish","type":"product","link":"https:\/\/kervanmagazacilik.com\/index.php\/urun\/900arj000277\/","title":{"rendered":"900ARJ000277"},"content":{"rendered":"<p>900ARJ000277<\/p>\n<p>NOYSA-3 ARANJMAN 70X80 CM<\/p>\n<p>MALZEME: Plastik+\u00c7imento<br \/>\n\u00d6l\u00e7\u00fcler +\/- 5 cm de\u011fi\u015fkenlik g\u00f6sterebilir<br \/>\nHafif nemli bezle silinebilir<br \/>\nSaks\u0131 \u00f6l\u00e7\u00fcs\u00fc: 24x24x31 cm<\/p>\n<p>ALT GRUP: DEKORATIF AKSESUAR<\/p>\n","protected":false},"excerpt":{"rendered":"<p>900ARJ000277 NOYSA-3 ARANJMAN 70X80 CM MALZEME: Plastik+\u00c7imento \u00d6l\u00e7\u00fcler +\/- 5 cm de\u011fi\u015fkenlik g\u00f6sterebilir Hafif nemli bezle silinebilir Saks\u0131 \u00f6l\u00e7\u00fcs\u00fc: 24x24x31 cm ALT GRUP: DEKORATIF AKSESUAR<\/p>\n","protected":false},"featured_media":29921,"template":"","meta":[],"product_brand":[],"product_cat":[280],"product_tag":[6639],"class_list":{"0":"post-29920","1":"product","2":"type-product","3":"status-publish","4":"has-post-thumbnail","6":"product_cat-900arj","7":"product_tag-900arj000277","9":"first","10":"instock","11":"taxable","12":"shipping-taxable","13":"product-type-simple"},"_links":{"self":[{"href":"https:\/\/kervanmagazacilik.com\/index.php\/wp-json\/wp\/v2\/product\/29920","targetHints":{"allow":["GET"]}}],"collection":[{"href":"https:\/\/kervanmagazacilik.com\/index.php\/wp-json\/wp\/v2\/product"}],"about":[{"href":"https:\/\/kervanmagazacilik.com\/index.php\/wp-json\/wp\/v2\/types\/product"}],"wp:featuredmedia":[{"embeddable":true,"href":"https:\/\/kervanmagazacilik.com\/index.php\/wp-json\/wp\/v2\/media\/29921"}],"wp:attachment":[{"href":"https:\/\/kervanmagazacilik.com\/index.php\/wp-json\/wp\/v2\/media?parent=29920"}],"wp:term":[{"taxonomy":"product_brand","embeddable":true,"href":"https:\/\/kervanmagazacilik.com\/index.php\/wp-json\/wp\/v2\/product_brand?post=29920"},{"taxonomy":"product_cat","embeddable":true,"href":"https:\/\/kervanmagazacilik.com\/index.php\/wp-json\/wp\/v2\/product_cat?post=29920"},{"taxonomy":"product_tag","embeddable":true,"href":"https:\/\/kervanmagazacilik.com\/index.php\/wp-json\/wp\/v2\/product_tag?post=29920"}],"curies":[{"name":"wp","href":"https:\/\/api.w.org\/{rel}","templated":true}]}}