{"id":29877,"date":"2025-07-29T11:48:55","date_gmt":"2025-07-29T08:48:55","guid":{"rendered":"https:\/\/kervanmagazacilik.com\/?post_type=product&#038;p=29877"},"modified":"2025-07-29T11:53:04","modified_gmt":"2025-07-29T08:53:04","slug":"10005ama0010-2","status":"publish","type":"product","link":"https:\/\/kervanmagazacilik.com\/index.php\/urun\/10005ama0010-2\/","title":{"rendered":"10005AMA0010"},"content":{"rendered":"<p>10005AMA0010<\/p>\n<p>LEON KIRLENT (ACM153) \u00c7OK RENKL\u0130 30&#215;50 CM<\/p>\n<p>Elde y\u0131kamaya uygundur.<\/p>\n","protected":false},"excerpt":{"rendered":"<p>10005AMA0010 LEON KIRLENT (ACM153) \u00c7OK RENKL\u0130 30&#215;50 CM Elde y\u0131kamaya uygundur.<\/p>\n","protected":false},"featured_media":29878,"template":"","meta":[],"product_brand":[],"product_cat":[5785],"product_tag":[2628],"class_list":{"0":"post-29877","1":"product","2":"type-product","3":"status-publish","4":"has-post-thumbnail","6":"product_cat-10005mir","7":"product_tag-10005ama0010","9":"first","10":"instock","11":"taxable","12":"shipping-taxable","13":"product-type-simple"},"_links":{"self":[{"href":"https:\/\/kervanmagazacilik.com\/index.php\/wp-json\/wp\/v2\/product\/29877","targetHints":{"allow":["GET"]}}],"collection":[{"href":"https:\/\/kervanmagazacilik.com\/index.php\/wp-json\/wp\/v2\/product"}],"about":[{"href":"https:\/\/kervanmagazacilik.com\/index.php\/wp-json\/wp\/v2\/types\/product"}],"wp:featuredmedia":[{"embeddable":true,"href":"https:\/\/kervanmagazacilik.com\/index.php\/wp-json\/wp\/v2\/media\/29878"}],"wp:attachment":[{"href":"https:\/\/kervanmagazacilik.com\/index.php\/wp-json\/wp\/v2\/media?parent=29877"}],"wp:term":[{"taxonomy":"product_brand","embeddable":true,"href":"https:\/\/kervanmagazacilik.com\/index.php\/wp-json\/wp\/v2\/product_brand?post=29877"},{"taxonomy":"product_cat","embeddable":true,"href":"https:\/\/kervanmagazacilik.com\/index.php\/wp-json\/wp\/v2\/product_cat?post=29877"},{"taxonomy":"product_tag","embeddable":true,"href":"https:\/\/kervanmagazacilik.com\/index.php\/wp-json\/wp\/v2\/product_tag?post=29877"}],"curies":[{"name":"wp","href":"https:\/\/api.w.org\/{rel}","templated":true}]}}