{"id":29873,"date":"2025-07-29T11:46:53","date_gmt":"2025-07-29T08:46:53","guid":{"rendered":"https:\/\/kervanmagazacilik.com\/?post_type=product&#038;p=29873"},"modified":"2025-07-29T11:46:53","modified_gmt":"2025-07-29T08:46:53","slug":"10005ama0009","status":"publish","type":"product","link":"https:\/\/kervanmagazacilik.com\/index.php\/urun\/10005ama0009\/","title":{"rendered":"10005AMA0009"},"content":{"rendered":"<p>10005AMA0009<\/p>\n<p>PALM-2 KIRLENT (ACM250) \u00c7OK RENKL\u0130 50x50cm<\/p>\n<p>Elde y\u0131kamaya uygundur.<\/p>\n<p>&nbsp;<\/p>\n","protected":false},"excerpt":{"rendered":"<p>10005AMA0009 PALM-2 KIRLENT (ACM250) \u00c7OK RENKL\u0130 50x50cm Elde y\u0131kamaya uygundur. &nbsp;<\/p>\n","protected":false},"featured_media":29874,"template":"","meta":[],"product_brand":[],"product_cat":[2621],"product_tag":[6632],"class_list":{"0":"post-29873","1":"product","2":"type-product","3":"status-publish","4":"has-post-thumbnail","6":"product_cat-10005ama","7":"product_tag-10005ama0009","9":"first","10":"instock","11":"taxable","12":"shipping-taxable","13":"product-type-simple"},"_links":{"self":[{"href":"https:\/\/kervanmagazacilik.com\/index.php\/wp-json\/wp\/v2\/product\/29873","targetHints":{"allow":["GET"]}}],"collection":[{"href":"https:\/\/kervanmagazacilik.com\/index.php\/wp-json\/wp\/v2\/product"}],"about":[{"href":"https:\/\/kervanmagazacilik.com\/index.php\/wp-json\/wp\/v2\/types\/product"}],"wp:featuredmedia":[{"embeddable":true,"href":"https:\/\/kervanmagazacilik.com\/index.php\/wp-json\/wp\/v2\/media\/29874"}],"wp:attachment":[{"href":"https:\/\/kervanmagazacilik.com\/index.php\/wp-json\/wp\/v2\/media?parent=29873"}],"wp:term":[{"taxonomy":"product_brand","embeddable":true,"href":"https:\/\/kervanmagazacilik.com\/index.php\/wp-json\/wp\/v2\/product_brand?post=29873"},{"taxonomy":"product_cat","embeddable":true,"href":"https:\/\/kervanmagazacilik.com\/index.php\/wp-json\/wp\/v2\/product_cat?post=29873"},{"taxonomy":"product_tag","embeddable":true,"href":"https:\/\/kervanmagazacilik.com\/index.php\/wp-json\/wp\/v2\/product_tag?post=29873"}],"curies":[{"name":"wp","href":"https:\/\/api.w.org\/{rel}","templated":true}]}}