{"id":29827,"date":"2025-07-28T17:01:50","date_gmt":"2025-07-28T14:01:50","guid":{"rendered":"https:\/\/kervanmagazacilik.com\/?post_type=product&#038;p=29827"},"modified":"2025-07-28T17:01:50","modified_gmt":"2025-07-28T14:01:50","slug":"611shc000017","status":"publish","type":"product","link":"https:\/\/kervanmagazacilik.com\/index.php\/urun\/611shc000017\/","title":{"rendered":"611SHC000017"},"content":{"rendered":"<p>611SHC000017<\/p>\n<p>YAN SEHPA 3 L\u00dc MERMERL\u0130 45x45x56cm-40x40x51cm-35x35x46cm QS20401-L-M-S<\/p>\n<p>Nemli ortamdan uzak tutun.<br \/>\nAsitli deterjanlar kullanmaktan ka\u00e7\u0131n\u0131n.<br \/>\nY\u00fcksek \u0131s\u0131dan uzakta konumland\u0131r\u0131n.<br \/>\nPas \u00f6nleyici spreyleri kullanmay\u0131 deneyin.<br \/>\nD\u00fczenli aral\u0131klarla tozunu al\u0131n.<br \/>\nMetal koruyucu cila uygulay\u0131n.<br \/>\nPaslanmay\u0131 engelleyen bak\u0131m ya\u011flar\u0131 deneyin.<br \/>\nY\u0131kamak yerine nemli bezle temizlik yap\u0131n.<\/p>\n","protected":false},"excerpt":{"rendered":"<p>611SHC000017 YAN SEHPA 3 L\u00dc MERMERL\u0130 45x45x56cm-40x40x51cm-35x35x46cm QS20401-L-M-S Nemli ortamdan uzak tutun. Asitli deterjanlar kullanmaktan ka\u00e7\u0131n\u0131n. Y\u00fcksek \u0131s\u0131dan uzakta konumland\u0131r\u0131n. Pas \u00f6nleyici spreyleri kullanmay\u0131 deneyin. D\u00fczenli aral\u0131klarla tozunu al\u0131n. Metal koruyucu cila uygulay\u0131n. Paslanmay\u0131 engelleyen bak\u0131m ya\u011flar\u0131 deneyin. Y\u0131kamak yerine nemli bezle temizlik yap\u0131n.<\/p>\n","protected":false},"featured_media":29828,"template":"","meta":[],"product_brand":[],"product_cat":[4400],"product_tag":[6622],"class_list":{"0":"post-29827","1":"product","2":"type-product","3":"status-publish","4":"has-post-thumbnail","6":"product_cat-611shc","7":"product_tag-611shc000017","9":"first","10":"instock","11":"taxable","12":"shipping-taxable","13":"product-type-simple"},"_links":{"self":[{"href":"https:\/\/kervanmagazacilik.com\/index.php\/wp-json\/wp\/v2\/product\/29827","targetHints":{"allow":["GET"]}}],"collection":[{"href":"https:\/\/kervanmagazacilik.com\/index.php\/wp-json\/wp\/v2\/product"}],"about":[{"href":"https:\/\/kervanmagazacilik.com\/index.php\/wp-json\/wp\/v2\/types\/product"}],"wp:featuredmedia":[{"embeddable":true,"href":"https:\/\/kervanmagazacilik.com\/index.php\/wp-json\/wp\/v2\/media\/29828"}],"wp:attachment":[{"href":"https:\/\/kervanmagazacilik.com\/index.php\/wp-json\/wp\/v2\/media?parent=29827"}],"wp:term":[{"taxonomy":"product_brand","embeddable":true,"href":"https:\/\/kervanmagazacilik.com\/index.php\/wp-json\/wp\/v2\/product_brand?post=29827"},{"taxonomy":"product_cat","embeddable":true,"href":"https:\/\/kervanmagazacilik.com\/index.php\/wp-json\/wp\/v2\/product_cat?post=29827"},{"taxonomy":"product_tag","embeddable":true,"href":"https:\/\/kervanmagazacilik.com\/index.php\/wp-json\/wp\/v2\/product_tag?post=29827"}],"curies":[{"name":"wp","href":"https:\/\/api.w.org\/{rel}","templated":true}]}}