{"id":29798,"date":"2025-07-28T16:29:18","date_gmt":"2025-07-28T13:29:18","guid":{"rendered":"https:\/\/kervanmagazacilik.com\/?post_type=product&#038;p=29798"},"modified":"2025-07-28T16:29:19","modified_gmt":"2025-07-28T13:29:19","slug":"611rm0000011","status":"publish","type":"product","link":"https:\/\/kervanmagazacilik.com\/index.php\/urun\/611rm0000011\/","title":{"rendered":"611RM0000011"},"content":{"rendered":"<p>611RM0000011<\/p>\n<p>\u0130K\u0130L\u0130 DER\u0130 KOLTUK KAHVE 105x161x75cm RS920-2<\/p>\n<p>BUFOLO DER\u0130-K\u00f6p\u00fck-Hu\u015f A\u011fac\u0131<\/p>\n<p>Deri Balmumu<\/p>\n<p>Kuru bir bez yard\u0131m\u0131yla temizlenmeli ve dayan\u0131kl\u0131l\u0131k i\u00e7in deri koruyucu vax ile belirli aral\u0131klarda bak\u0131m yap\u0131lmal\u0131d\u0131r.<\/p>\n","protected":false},"excerpt":{"rendered":"<p>611RM0000011 \u0130K\u0130L\u0130 DER\u0130 KOLTUK KAHVE 105x161x75cm RS920-2 BUFOLO DER\u0130-K\u00f6p\u00fck-Hu\u015f A\u011fac\u0131 Deri Balmumu Kuru bir bez yard\u0131m\u0131yla temizlenmeli ve dayan\u0131kl\u0131l\u0131k i\u00e7in deri koruyucu vax ile belirli aral\u0131klarda bak\u0131m yap\u0131lmal\u0131d\u0131r.<\/p>\n","protected":false},"featured_media":29810,"template":"","meta":[],"product_brand":[],"product_cat":[3004],"product_tag":[6617],"class_list":{"0":"post-29798","1":"product","2":"type-product","3":"status-publish","4":"has-post-thumbnail","6":"product_cat-611rm","7":"product_tag-611rm0000011","9":"first","10":"instock","11":"taxable","12":"shipping-taxable","13":"product-type-simple"},"_links":{"self":[{"href":"https:\/\/kervanmagazacilik.com\/index.php\/wp-json\/wp\/v2\/product\/29798","targetHints":{"allow":["GET"]}}],"collection":[{"href":"https:\/\/kervanmagazacilik.com\/index.php\/wp-json\/wp\/v2\/product"}],"about":[{"href":"https:\/\/kervanmagazacilik.com\/index.php\/wp-json\/wp\/v2\/types\/product"}],"wp:featuredmedia":[{"embeddable":true,"href":"https:\/\/kervanmagazacilik.com\/index.php\/wp-json\/wp\/v2\/media\/29810"}],"wp:attachment":[{"href":"https:\/\/kervanmagazacilik.com\/index.php\/wp-json\/wp\/v2\/media?parent=29798"}],"wp:term":[{"taxonomy":"product_brand","embeddable":true,"href":"https:\/\/kervanmagazacilik.com\/index.php\/wp-json\/wp\/v2\/product_brand?post=29798"},{"taxonomy":"product_cat","embeddable":true,"href":"https:\/\/kervanmagazacilik.com\/index.php\/wp-json\/wp\/v2\/product_cat?post=29798"},{"taxonomy":"product_tag","embeddable":true,"href":"https:\/\/kervanmagazacilik.com\/index.php\/wp-json\/wp\/v2\/product_tag?post=29798"}],"curies":[{"name":"wp","href":"https:\/\/api.w.org\/{rel}","templated":true}]}}