{"id":29797,"date":"2025-07-28T16:09:45","date_gmt":"2025-07-28T13:09:45","guid":{"rendered":"https:\/\/kervanmagazacilik.com\/?post_type=product&#038;p=29797"},"modified":"2025-07-28T16:09:46","modified_gmt":"2025-07-28T13:09:46","slug":"10005mir0003","status":"publish","type":"product","link":"https:\/\/kervanmagazacilik.com\/index.php\/urun\/10005mir0003\/","title":{"rendered":"10005MIR0003"},"content":{"rendered":"<p>10005MIR0003<\/p>\n<p>SHE 1509 \u015eAL SETL\u0130 NEVRES\u0130M TAKIMI GRI -8 PR\u00c7-\u00c7.K.(200*220cm)<\/p>\n<p>\u015eAL SETL\u0130 NEVRES\u0130M TAKIMI 8 PAR\u00c7A- \u00c7\u0130FT K\u0130\u015e\u0130L\u0130K<br \/>\nNEVRES\u0130M \u00d6L\u00c7\u00dcS\u00dc : 200*220 CM<br \/>\nYATAK \u015eALI \u00d6L\u00c7\u00dcS\u00dc: 130*240 CM<br \/>\n1 adet 45*45 cm renkli k\u0131rlent<br \/>\n1 adet yatak \u015fal\u0131<br \/>\n1 adet yorgan k\u0131l\u0131f\u0131<br \/>\n1 adet \u00e7ar\u015faf ( 240*260 cm )<br \/>\n2 adet uyku yast\u0131k k\u0131l\u0131f\u0131(50*70 cm )<br \/>\n2 adet oxford yast\u0131k k\u0131l\u0131f\u0131 ( 50*70 cm )<br \/>\n% 100 Pamuk<br \/>\n30 derecede narin y\u0131kama<br \/>\n\u00c7ama\u015f\u0131r suyu konamaz.<br \/>\nKurutma makinesinde kurutulamaz<br \/>\nD\u00fc\u015f\u00fck \u0131s\u0131da \u00fct\u00fclenebilir.<\/p>\n","protected":false},"excerpt":{"rendered":"<p>10005MIR0003 SHE 1509 \u015eAL SETL\u0130 NEVRES\u0130M TAKIMI GRI -8 PR\u00c7-\u00c7.K.(200*220cm) \u015eAL SETL\u0130 NEVRES\u0130M TAKIMI 8 PAR\u00c7A- \u00c7\u0130FT K\u0130\u015e\u0130L\u0130K NEVRES\u0130M \u00d6L\u00c7\u00dcS\u00dc : 200*220 CM YATAK \u015eALI \u00d6L\u00c7\u00dcS\u00dc: 130*240 CM 1 adet 45*45 cm renkli k\u0131rlent 1 adet yatak \u015fal\u0131 1 adet yorgan k\u0131l\u0131f\u0131 1 adet \u00e7ar\u015faf ( 240*260 cm ) 2 adet uyku yast\u0131k k\u0131l\u0131f\u0131(50*70 cm [&hellip;]<\/p>\n","protected":false},"featured_media":29799,"template":"","meta":[],"product_brand":[],"product_cat":[5785],"product_tag":[6616],"class_list":{"0":"post-29797","1":"product","2":"type-product","3":"status-publish","4":"has-post-thumbnail","6":"product_cat-10005mir","7":"product_tag-10005mir0003","9":"first","10":"instock","11":"taxable","12":"shipping-taxable","13":"product-type-simple"},"_links":{"self":[{"href":"https:\/\/kervanmagazacilik.com\/index.php\/wp-json\/wp\/v2\/product\/29797","targetHints":{"allow":["GET"]}}],"collection":[{"href":"https:\/\/kervanmagazacilik.com\/index.php\/wp-json\/wp\/v2\/product"}],"about":[{"href":"https:\/\/kervanmagazacilik.com\/index.php\/wp-json\/wp\/v2\/types\/product"}],"wp:featuredmedia":[{"embeddable":true,"href":"https:\/\/kervanmagazacilik.com\/index.php\/wp-json\/wp\/v2\/media\/29799"}],"wp:attachment":[{"href":"https:\/\/kervanmagazacilik.com\/index.php\/wp-json\/wp\/v2\/media?parent=29797"}],"wp:term":[{"taxonomy":"product_brand","embeddable":true,"href":"https:\/\/kervanmagazacilik.com\/index.php\/wp-json\/wp\/v2\/product_brand?post=29797"},{"taxonomy":"product_cat","embeddable":true,"href":"https:\/\/kervanmagazacilik.com\/index.php\/wp-json\/wp\/v2\/product_cat?post=29797"},{"taxonomy":"product_tag","embeddable":true,"href":"https:\/\/kervanmagazacilik.com\/index.php\/wp-json\/wp\/v2\/product_tag?post=29797"}],"curies":[{"name":"wp","href":"https:\/\/api.w.org\/{rel}","templated":true}]}}