{"id":29785,"date":"2025-07-28T16:05:18","date_gmt":"2025-07-28T13:05:18","guid":{"rendered":"https:\/\/kervanmagazacilik.com\/?post_type=product&#038;p=29785"},"modified":"2025-07-28T16:05:18","modified_gmt":"2025-07-28T13:05:18","slug":"012hsh011162","status":"publish","type":"product","link":"https:\/\/kervanmagazacilik.com\/index.php\/urun\/012hsh011162\/","title":{"rendered":"012HSH011162"},"content":{"rendered":"<p>012HSH011162<\/p>\n<p>BLOSSOM YATAK \u00d6RT\u00dcS\u00dc \u00c7K. 260X260 CM EKRU-YE\u015e\u0130L<\/p>\n<p>Kuma\u015f: %100 Pamuk<br \/>\n\u0130\u00e7 dolgu: %100 Polyester<br \/>\n30 derece narin y\u0131kama yap\u0131lmal\u0131d\u0131r veya elde y\u0131kanmal\u0131d\u0131r<br \/>\n\u00c7ama\u015f\u0131r suyu konamaz<br \/>\nAsarak de\u011fil, sererek kurutulmal\u0131d\u0131r<br \/>\nKurutma makinesinde kurutulamaz<br \/>\n\u00dct\u00fc yap\u0131lamaz<br \/>\nPamuklu \u00fcr\u00fcn oldu\u011fu i\u00e7in zamanla kullan\u0131mdan dolay\u0131 pamuklanma olabilir<\/p>\n<p>ALT GRUP: YATAK ODASI TEKST\u0130L\u0130<\/p>\n","protected":false},"excerpt":{"rendered":"<p>012HSH011162 BLOSSOM YATAK \u00d6RT\u00dcS\u00dc \u00c7K. 260X260 CM EKRU-YE\u015e\u0130L Kuma\u015f: %100 Pamuk \u0130\u00e7 dolgu: %100 Polyester 30 derece narin y\u0131kama yap\u0131lmal\u0131d\u0131r veya elde y\u0131kanmal\u0131d\u0131r \u00c7ama\u015f\u0131r suyu konamaz Asarak de\u011fil, sererek kurutulmal\u0131d\u0131r Kurutma makinesinde kurutulamaz \u00dct\u00fc yap\u0131lamaz Pamuklu \u00fcr\u00fcn oldu\u011fu i\u00e7in zamanla kullan\u0131mdan dolay\u0131 pamuklanma olabilir ALT GRUP: YATAK ODASI TEKST\u0130L\u0130<\/p>\n","protected":false},"featured_media":29791,"template":"","meta":[],"product_brand":[],"product_cat":[2475],"product_tag":[6615],"class_list":{"0":"post-29785","1":"product","2":"type-product","3":"status-publish","4":"has-post-thumbnail","6":"product_cat-012hsh","7":"product_tag-012hsh011162","9":"first","10":"instock","11":"taxable","12":"shipping-taxable","13":"product-type-simple"},"_links":{"self":[{"href":"https:\/\/kervanmagazacilik.com\/index.php\/wp-json\/wp\/v2\/product\/29785","targetHints":{"allow":["GET"]}}],"collection":[{"href":"https:\/\/kervanmagazacilik.com\/index.php\/wp-json\/wp\/v2\/product"}],"about":[{"href":"https:\/\/kervanmagazacilik.com\/index.php\/wp-json\/wp\/v2\/types\/product"}],"wp:featuredmedia":[{"embeddable":true,"href":"https:\/\/kervanmagazacilik.com\/index.php\/wp-json\/wp\/v2\/media\/29791"}],"wp:attachment":[{"href":"https:\/\/kervanmagazacilik.com\/index.php\/wp-json\/wp\/v2\/media?parent=29785"}],"wp:term":[{"taxonomy":"product_brand","embeddable":true,"href":"https:\/\/kervanmagazacilik.com\/index.php\/wp-json\/wp\/v2\/product_brand?post=29785"},{"taxonomy":"product_cat","embeddable":true,"href":"https:\/\/kervanmagazacilik.com\/index.php\/wp-json\/wp\/v2\/product_cat?post=29785"},{"taxonomy":"product_tag","embeddable":true,"href":"https:\/\/kervanmagazacilik.com\/index.php\/wp-json\/wp\/v2\/product_tag?post=29785"}],"curies":[{"name":"wp","href":"https:\/\/api.w.org\/{rel}","templated":true}]}}