{"id":29763,"date":"2025-07-28T09:27:57","date_gmt":"2025-07-28T06:27:57","guid":{"rendered":"https:\/\/kervanmagazacilik.com\/?post_type=product&#038;p=29763"},"modified":"2025-07-28T09:27:57","modified_gmt":"2025-07-28T06:27:57","slug":"611vil000436","status":"publish","type":"product","link":"https:\/\/kervanmagazacilik.com\/index.php\/urun\/611vil000436\/","title":{"rendered":"611VIL000436"},"content":{"rendered":"<p>611VIL000436<\/p>\n<p>\u00dc\u00c7L\u00dc KOLTUK 90x240x105cm 3996<\/p>\n","protected":false},"excerpt":{"rendered":"<p>611VIL000436 \u00dc\u00c7L\u00dc KOLTUK 90x240x105cm 3996<\/p>\n","protected":false},"featured_media":29764,"template":"","meta":[],"product_brand":[],"product_cat":[113],"product_tag":[6609],"class_list":{"0":"post-29763","1":"product","2":"type-product","3":"status-publish","4":"has-post-thumbnail","6":"product_cat-611vil","7":"product_tag-611vil000436","9":"first","10":"instock","11":"taxable","12":"shipping-taxable","13":"product-type-simple"},"_links":{"self":[{"href":"https:\/\/kervanmagazacilik.com\/index.php\/wp-json\/wp\/v2\/product\/29763","targetHints":{"allow":["GET"]}}],"collection":[{"href":"https:\/\/kervanmagazacilik.com\/index.php\/wp-json\/wp\/v2\/product"}],"about":[{"href":"https:\/\/kervanmagazacilik.com\/index.php\/wp-json\/wp\/v2\/types\/product"}],"wp:featuredmedia":[{"embeddable":true,"href":"https:\/\/kervanmagazacilik.com\/index.php\/wp-json\/wp\/v2\/media\/29764"}],"wp:attachment":[{"href":"https:\/\/kervanmagazacilik.com\/index.php\/wp-json\/wp\/v2\/media?parent=29763"}],"wp:term":[{"taxonomy":"product_brand","embeddable":true,"href":"https:\/\/kervanmagazacilik.com\/index.php\/wp-json\/wp\/v2\/product_brand?post=29763"},{"taxonomy":"product_cat","embeddable":true,"href":"https:\/\/kervanmagazacilik.com\/index.php\/wp-json\/wp\/v2\/product_cat?post=29763"},{"taxonomy":"product_tag","embeddable":true,"href":"https:\/\/kervanmagazacilik.com\/index.php\/wp-json\/wp\/v2\/product_tag?post=29763"}],"curies":[{"name":"wp","href":"https:\/\/api.w.org\/{rel}","templated":true}]}}