{"id":29670,"date":"2025-07-25T09:55:06","date_gmt":"2025-07-25T06:55:06","guid":{"rendered":"https:\/\/kervanmagazacilik.com\/?post_type=product&#038;p=29670"},"modified":"2025-07-25T09:55:07","modified_gmt":"2025-07-25T06:55:07","slug":"611dsg000173","status":"publish","type":"product","link":"https:\/\/kervanmagazacilik.com\/index.php\/urun\/611dsg000173\/","title":{"rendered":"611DSG000173"},"content":{"rendered":"<p>611DSG000173<\/p>\n<p>DEKORT\u0130F \u015eEMS\u0130YE KAHVE 50x95cm<\/p>\n<p>&nbsp;<\/p>\n","protected":false},"excerpt":{"rendered":"<p>611DSG000173 DEKORT\u0130F \u015eEMS\u0130YE KAHVE 50x95cm &nbsp;<\/p>\n","protected":false},"featured_media":29671,"template":"","meta":[],"product_brand":[],"product_cat":[1500],"product_tag":[6583],"class_list":{"0":"post-29670","1":"product","2":"type-product","3":"status-publish","4":"has-post-thumbnail","6":"product_cat-611dsg","7":"product_tag-611dsg000173","9":"first","10":"instock","11":"taxable","12":"shipping-taxable","13":"product-type-simple"},"_links":{"self":[{"href":"https:\/\/kervanmagazacilik.com\/index.php\/wp-json\/wp\/v2\/product\/29670","targetHints":{"allow":["GET"]}}],"collection":[{"href":"https:\/\/kervanmagazacilik.com\/index.php\/wp-json\/wp\/v2\/product"}],"about":[{"href":"https:\/\/kervanmagazacilik.com\/index.php\/wp-json\/wp\/v2\/types\/product"}],"wp:featuredmedia":[{"embeddable":true,"href":"https:\/\/kervanmagazacilik.com\/index.php\/wp-json\/wp\/v2\/media\/29671"}],"wp:attachment":[{"href":"https:\/\/kervanmagazacilik.com\/index.php\/wp-json\/wp\/v2\/media?parent=29670"}],"wp:term":[{"taxonomy":"product_brand","embeddable":true,"href":"https:\/\/kervanmagazacilik.com\/index.php\/wp-json\/wp\/v2\/product_brand?post=29670"},{"taxonomy":"product_cat","embeddable":true,"href":"https:\/\/kervanmagazacilik.com\/index.php\/wp-json\/wp\/v2\/product_cat?post=29670"},{"taxonomy":"product_tag","embeddable":true,"href":"https:\/\/kervanmagazacilik.com\/index.php\/wp-json\/wp\/v2\/product_tag?post=29670"}],"curies":[{"name":"wp","href":"https:\/\/api.w.org\/{rel}","templated":true}]}}