{"id":29668,"date":"2025-07-25T09:41:33","date_gmt":"2025-07-25T06:41:33","guid":{"rendered":"https:\/\/kervanmagazacilik.com\/?post_type=product&#038;p=29668"},"modified":"2025-07-25T09:41:34","modified_gmt":"2025-07-25T06:41:34","slug":"611dsg000172-2","status":"publish","type":"product","link":"https:\/\/kervanmagazacilik.com\/index.php\/urun\/611dsg000172-2\/","title":{"rendered":"611DSG000172"},"content":{"rendered":"<p>611DSG000172<\/p>\n<p>DEKORT\u0130F \u015eEMS\u0130YE FU\u015eYA 50x95cm<\/p>\n","protected":false},"excerpt":{"rendered":"<p>611DSG000172 DEKORT\u0130F \u015eEMS\u0130YE FU\u015eYA 50x95cm<\/p>\n","protected":false},"featured_media":29669,"template":"","meta":[],"product_brand":[],"product_cat":[1500],"product_tag":[2990],"class_list":{"0":"post-29668","1":"product","2":"type-product","3":"status-publish","4":"has-post-thumbnail","6":"product_cat-611dsg","7":"product_tag-611dsg000172","9":"first","10":"instock","11":"taxable","12":"shipping-taxable","13":"product-type-simple"},"_links":{"self":[{"href":"https:\/\/kervanmagazacilik.com\/index.php\/wp-json\/wp\/v2\/product\/29668","targetHints":{"allow":["GET"]}}],"collection":[{"href":"https:\/\/kervanmagazacilik.com\/index.php\/wp-json\/wp\/v2\/product"}],"about":[{"href":"https:\/\/kervanmagazacilik.com\/index.php\/wp-json\/wp\/v2\/types\/product"}],"wp:featuredmedia":[{"embeddable":true,"href":"https:\/\/kervanmagazacilik.com\/index.php\/wp-json\/wp\/v2\/media\/29669"}],"wp:attachment":[{"href":"https:\/\/kervanmagazacilik.com\/index.php\/wp-json\/wp\/v2\/media?parent=29668"}],"wp:term":[{"taxonomy":"product_brand","embeddable":true,"href":"https:\/\/kervanmagazacilik.com\/index.php\/wp-json\/wp\/v2\/product_brand?post=29668"},{"taxonomy":"product_cat","embeddable":true,"href":"https:\/\/kervanmagazacilik.com\/index.php\/wp-json\/wp\/v2\/product_cat?post=29668"},{"taxonomy":"product_tag","embeddable":true,"href":"https:\/\/kervanmagazacilik.com\/index.php\/wp-json\/wp\/v2\/product_tag?post=29668"}],"curies":[{"name":"wp","href":"https:\/\/api.w.org\/{rel}","templated":true}]}}