{"id":29650,"date":"2025-07-25T09:59:36","date_gmt":"2025-07-25T06:59:36","guid":{"rendered":"https:\/\/kervanmagazacilik.com\/?post_type=product&#038;p=29650"},"modified":"2025-07-25T09:59:39","modified_gmt":"2025-07-25T06:59:39","slug":"611dsg000174-2","status":"publish","type":"product","link":"https:\/\/kervanmagazacilik.com\/index.php\/urun\/611dsg000174-2\/","title":{"rendered":"611DSG000174"},"content":{"rendered":"<p>&nbsp;<\/p>\n<p>611DSG000174<\/p>\n<p>DEKORT\u0130F \u015eEMS\u0130YE S\u0130YAH 50x95cm<\/p>\n<p>&nbsp;<\/p>\n","protected":false},"excerpt":{"rendered":"<p>&nbsp; 611DSG000174 DEKORT\u0130F \u015eEMS\u0130YE S\u0130YAH 50x95cm &nbsp;<\/p>\n","protected":false},"featured_media":29673,"template":"","meta":[],"product_brand":[],"product_cat":[28],"product_tag":[2991],"class_list":{"0":"post-29650","1":"product","2":"type-product","3":"status-publish","4":"has-post-thumbnail","6":"product_cat-genel","7":"product_tag-611dsg000174","9":"first","10":"instock","11":"taxable","12":"shipping-taxable","13":"product-type-simple"},"_links":{"self":[{"href":"https:\/\/kervanmagazacilik.com\/index.php\/wp-json\/wp\/v2\/product\/29650","targetHints":{"allow":["GET"]}}],"collection":[{"href":"https:\/\/kervanmagazacilik.com\/index.php\/wp-json\/wp\/v2\/product"}],"about":[{"href":"https:\/\/kervanmagazacilik.com\/index.php\/wp-json\/wp\/v2\/types\/product"}],"wp:featuredmedia":[{"embeddable":true,"href":"https:\/\/kervanmagazacilik.com\/index.php\/wp-json\/wp\/v2\/media\/29673"}],"wp:attachment":[{"href":"https:\/\/kervanmagazacilik.com\/index.php\/wp-json\/wp\/v2\/media?parent=29650"}],"wp:term":[{"taxonomy":"product_brand","embeddable":true,"href":"https:\/\/kervanmagazacilik.com\/index.php\/wp-json\/wp\/v2\/product_brand?post=29650"},{"taxonomy":"product_cat","embeddable":true,"href":"https:\/\/kervanmagazacilik.com\/index.php\/wp-json\/wp\/v2\/product_cat?post=29650"},{"taxonomy":"product_tag","embeddable":true,"href":"https:\/\/kervanmagazacilik.com\/index.php\/wp-json\/wp\/v2\/product_tag?post=29650"}],"curies":[{"name":"wp","href":"https:\/\/api.w.org\/{rel}","templated":true}]}}