{"id":29633,"date":"2025-07-25T08:26:51","date_gmt":"2025-07-25T05:26:51","guid":{"rendered":"https:\/\/kervanmagazacilik.com\/?post_type=product&#038;p=29633"},"modified":"2025-07-25T08:31:34","modified_gmt":"2025-07-25T05:31:34","slug":"241hsh001657","status":"publish","type":"product","link":"https:\/\/kervanmagazacilik.com\/index.php\/urun\/241hsh001657\/","title":{"rendered":"241HSH001657"},"content":{"rendered":"<p>241HSH001657<\/p>\n<p>NUNA \u015eAL SET 90X250 3 PAR\u00c7A YE\u015e\u0130L<\/p>\n<p>A :Kuma\u015f, %51 polyester %29 viskon % 20 pamuk<br \/>\nB :Kuma\u015f, %90 polyester %10 keten<br \/>\nC :Kuma\u015f, %40 Pamuk-%40 Viskon-%20 Polyester<br \/>\nSadece kuru temizleme yap\u0131lmal\u0131d\u0131r<\/p>\n<p>ALT GRUP: YATAK ODASI TEKST\u0130L\u0130<\/p>\n<p>\u015eAL: 90&#215;250 CM<br \/>\nKIRLENT: 35X60 CM (2 ADET)<br \/>\nKIRLENT: 30X55 CM (2 ADET)<\/p>\n","protected":false},"excerpt":{"rendered":"<p>241HSH001657 NUNA \u015eAL SET 90X250 3 PAR\u00c7A YE\u015e\u0130L A :Kuma\u015f, %51 polyester %29 viskon % 20 pamuk B :Kuma\u015f, %90 polyester %10 keten C :Kuma\u015f, %40 Pamuk-%40 Viskon-%20 Polyester Sadece kuru temizleme yap\u0131lmal\u0131d\u0131r ALT GRUP: YATAK ODASI TEKST\u0130L\u0130 \u015eAL: 90&#215;250 CM KIRLENT: 35X60 CM (2 ADET) KIRLENT: 30X55 CM (2 ADET)<\/p>\n","protected":false},"featured_media":29634,"template":"","meta":[],"product_brand":[],"product_cat":[2922,113],"product_tag":[6576],"class_list":{"0":"post-29633","1":"product","2":"type-product","3":"status-publish","4":"has-post-thumbnail","6":"product_cat-241hsh","7":"product_cat-611vil","8":"product_tag-241hsh001657","10":"first","11":"instock","12":"taxable","13":"shipping-taxable","14":"product-type-simple"},"_links":{"self":[{"href":"https:\/\/kervanmagazacilik.com\/index.php\/wp-json\/wp\/v2\/product\/29633","targetHints":{"allow":["GET"]}}],"collection":[{"href":"https:\/\/kervanmagazacilik.com\/index.php\/wp-json\/wp\/v2\/product"}],"about":[{"href":"https:\/\/kervanmagazacilik.com\/index.php\/wp-json\/wp\/v2\/types\/product"}],"wp:featuredmedia":[{"embeddable":true,"href":"https:\/\/kervanmagazacilik.com\/index.php\/wp-json\/wp\/v2\/media\/29634"}],"wp:attachment":[{"href":"https:\/\/kervanmagazacilik.com\/index.php\/wp-json\/wp\/v2\/media?parent=29633"}],"wp:term":[{"taxonomy":"product_brand","embeddable":true,"href":"https:\/\/kervanmagazacilik.com\/index.php\/wp-json\/wp\/v2\/product_brand?post=29633"},{"taxonomy":"product_cat","embeddable":true,"href":"https:\/\/kervanmagazacilik.com\/index.php\/wp-json\/wp\/v2\/product_cat?post=29633"},{"taxonomy":"product_tag","embeddable":true,"href":"https:\/\/kervanmagazacilik.com\/index.php\/wp-json\/wp\/v2\/product_tag?post=29633"}],"curies":[{"name":"wp","href":"https:\/\/api.w.org\/{rel}","templated":true}]}}