{"id":29628,"date":"2025-07-24T17:24:55","date_gmt":"2025-07-24T14:24:55","guid":{"rendered":"https:\/\/kervanmagazacilik.com\/?post_type=product&#038;p=29628"},"modified":"2025-07-24T17:24:55","modified_gmt":"2025-07-24T14:24:55","slug":"759arp000328","status":"publish","type":"product","link":"https:\/\/kervanmagazacilik.com\/index.php\/urun\/759arp000328\/","title":{"rendered":"759ARP000328"},"content":{"rendered":"<p>759ARP000328<\/p>\n<p>F\u0130L \u015eEMS\u0130YE AYA\u011eI ORTA BOY 17x43x32 cm KREM<\/p>\n<p>MALZEME: \u00c7\u0130MENTO-AL\u00c7I<br \/>\nDI\u015e MEKAN KULLANIMINA UYGUNDUR.<\/p>\n","protected":false},"excerpt":{"rendered":"<p>759ARP000328 F\u0130L \u015eEMS\u0130YE AYA\u011eI ORTA BOY 17x43x32 cm KREM MALZEME: \u00c7\u0130MENTO-AL\u00c7I DI\u015e MEKAN KULLANIMINA UYGUNDUR.<\/p>\n","protected":false},"featured_media":29629,"template":"","meta":[],"product_brand":[],"product_cat":[206],"product_tag":[6575],"class_list":{"0":"post-29628","1":"product","2":"type-product","3":"status-publish","4":"has-post-thumbnail","6":"product_cat-759arp","7":"product_tag-759arp000328","9":"first","10":"instock","11":"taxable","12":"shipping-taxable","13":"product-type-simple"},"_links":{"self":[{"href":"https:\/\/kervanmagazacilik.com\/index.php\/wp-json\/wp\/v2\/product\/29628","targetHints":{"allow":["GET"]}}],"collection":[{"href":"https:\/\/kervanmagazacilik.com\/index.php\/wp-json\/wp\/v2\/product"}],"about":[{"href":"https:\/\/kervanmagazacilik.com\/index.php\/wp-json\/wp\/v2\/types\/product"}],"wp:featuredmedia":[{"embeddable":true,"href":"https:\/\/kervanmagazacilik.com\/index.php\/wp-json\/wp\/v2\/media\/29629"}],"wp:attachment":[{"href":"https:\/\/kervanmagazacilik.com\/index.php\/wp-json\/wp\/v2\/media?parent=29628"}],"wp:term":[{"taxonomy":"product_brand","embeddable":true,"href":"https:\/\/kervanmagazacilik.com\/index.php\/wp-json\/wp\/v2\/product_brand?post=29628"},{"taxonomy":"product_cat","embeddable":true,"href":"https:\/\/kervanmagazacilik.com\/index.php\/wp-json\/wp\/v2\/product_cat?post=29628"},{"taxonomy":"product_tag","embeddable":true,"href":"https:\/\/kervanmagazacilik.com\/index.php\/wp-json\/wp\/v2\/product_tag?post=29628"}],"curies":[{"name":"wp","href":"https:\/\/api.w.org\/{rel}","templated":true}]}}