{"id":29589,"date":"2025-07-23T08:39:49","date_gmt":"2025-07-23T05:39:49","guid":{"rendered":"https:\/\/kervanmagazacilik.com\/?post_type=product&#038;p=29589"},"modified":"2025-07-23T08:39:50","modified_gmt":"2025-07-23T05:39:50","slug":"062063030415","status":"publish","type":"product","link":"https:\/\/kervanmagazacilik.com\/index.php\/urun\/062063030415\/","title":{"rendered":"062063030415"},"content":{"rendered":"<p>062063030415<\/p>\n<p>ROSELLE BATTANIYE 240X250 ECRU<\/p>\n<p>A Kuma\u015f: %58 PAMUK %32 AKR\u0130L\u0130K %10 POLYESTER<br \/>\nB Kuma\u015f; %100 Polyester<br \/>\n30 derece narin y\u0131kama<br \/>\n\u00c7ama\u015f\u0131r suyu konamaz<br \/>\nKurutma makinesinde kurutulamaz<br \/>\nD\u00fc\u015f\u00fck \u0131s\u0131da \u00fct\u00fclenmelidir<\/p>\n<p>ALT GRUP: YATAK ODASI TEKST\u0130L\u0130<\/p>\n","protected":false},"excerpt":{"rendered":"<p>062063030415 ROSELLE BATTANIYE 240X250 ECRU A Kuma\u015f: %58 PAMUK %32 AKR\u0130L\u0130K %10 POLYESTER B Kuma\u015f; %100 Polyester 30 derece narin y\u0131kama \u00c7ama\u015f\u0131r suyu konamaz Kurutma makinesinde kurutulamaz D\u00fc\u015f\u00fck \u0131s\u0131da \u00fct\u00fclenmelidir ALT GRUP: YATAK ODASI TEKST\u0130L\u0130<\/p>\n","protected":false},"featured_media":29592,"template":"","meta":[],"product_brand":[],"product_cat":[6469],"product_tag":[6561],"class_list":{"0":"post-29589","1":"product","2":"type-product","3":"status-publish","4":"has-post-thumbnail","6":"product_cat-6469","7":"product_tag-6561","9":"first","10":"instock","11":"taxable","12":"shipping-taxable","13":"product-type-simple"},"_links":{"self":[{"href":"https:\/\/kervanmagazacilik.com\/index.php\/wp-json\/wp\/v2\/product\/29589","targetHints":{"allow":["GET"]}}],"collection":[{"href":"https:\/\/kervanmagazacilik.com\/index.php\/wp-json\/wp\/v2\/product"}],"about":[{"href":"https:\/\/kervanmagazacilik.com\/index.php\/wp-json\/wp\/v2\/types\/product"}],"wp:featuredmedia":[{"embeddable":true,"href":"https:\/\/kervanmagazacilik.com\/index.php\/wp-json\/wp\/v2\/media\/29592"}],"wp:attachment":[{"href":"https:\/\/kervanmagazacilik.com\/index.php\/wp-json\/wp\/v2\/media?parent=29589"}],"wp:term":[{"taxonomy":"product_brand","embeddable":true,"href":"https:\/\/kervanmagazacilik.com\/index.php\/wp-json\/wp\/v2\/product_brand?post=29589"},{"taxonomy":"product_cat","embeddable":true,"href":"https:\/\/kervanmagazacilik.com\/index.php\/wp-json\/wp\/v2\/product_cat?post=29589"},{"taxonomy":"product_tag","embeddable":true,"href":"https:\/\/kervanmagazacilik.com\/index.php\/wp-json\/wp\/v2\/product_tag?post=29589"}],"curies":[{"name":"wp","href":"https:\/\/api.w.org\/{rel}","templated":true}]}}