{"id":29580,"date":"2025-07-23T08:40:13","date_gmt":"2025-07-23T05:40:13","guid":{"rendered":"https:\/\/kervanmagazacilik.com\/?post_type=product&#038;p=29580"},"modified":"2025-07-23T08:40:17","modified_gmt":"2025-07-23T05:40:17","slug":"012099046089","status":"publish","type":"product","link":"https:\/\/kervanmagazacilik.com\/index.php\/urun\/012099046089\/","title":{"rendered":"012099046089"},"content":{"rendered":"<p>012099046089<\/p>\n<p>VALENC\u0130A YATAK \u00d6RT\u00dcS\u00dc 270x270cm 4 PRC KREM<\/p>\n<p>Kuma\u015f;%90 Polyester %10 Elastan<br \/>\nAksesuar; %100 Polyester<br \/>\nSadece kuru temizleme yap\u0131lmal\u0131d\u0131r<\/p>\n<p>\u00d6RT\u00dc: 270X270 CM<br \/>\nYASTIK: 50X70 CM (2 ADET)<br \/>\nS\u00dcS YASTIK: 30X60CM<\/p>\n","protected":false},"excerpt":{"rendered":"<p>012099046089 VALENC\u0130A YATAK \u00d6RT\u00dcS\u00dc 270x270cm 4 PRC KREM Kuma\u015f;%90 Polyester %10 Elastan Aksesuar; %100 Polyester Sadece kuru temizleme yap\u0131lmal\u0131d\u0131r \u00d6RT\u00dc: 270X270 CM YASTIK: 50X70 CM (2 ADET) S\u00dcS YASTIK: 30X60CM<\/p>\n","protected":false},"featured_media":29587,"template":"","meta":[],"product_brand":[],"product_cat":[2474],"product_tag":[6562],"class_list":{"0":"post-29580","1":"product","2":"type-product","3":"status-publish","4":"has-post-thumbnail","6":"product_cat-2474","7":"product_tag-6562","9":"first","10":"instock","11":"taxable","12":"shipping-taxable","13":"product-type-simple"},"_links":{"self":[{"href":"https:\/\/kervanmagazacilik.com\/index.php\/wp-json\/wp\/v2\/product\/29580","targetHints":{"allow":["GET"]}}],"collection":[{"href":"https:\/\/kervanmagazacilik.com\/index.php\/wp-json\/wp\/v2\/product"}],"about":[{"href":"https:\/\/kervanmagazacilik.com\/index.php\/wp-json\/wp\/v2\/types\/product"}],"wp:featuredmedia":[{"embeddable":true,"href":"https:\/\/kervanmagazacilik.com\/index.php\/wp-json\/wp\/v2\/media\/29587"}],"wp:attachment":[{"href":"https:\/\/kervanmagazacilik.com\/index.php\/wp-json\/wp\/v2\/media?parent=29580"}],"wp:term":[{"taxonomy":"product_brand","embeddable":true,"href":"https:\/\/kervanmagazacilik.com\/index.php\/wp-json\/wp\/v2\/product_brand?post=29580"},{"taxonomy":"product_cat","embeddable":true,"href":"https:\/\/kervanmagazacilik.com\/index.php\/wp-json\/wp\/v2\/product_cat?post=29580"},{"taxonomy":"product_tag","embeddable":true,"href":"https:\/\/kervanmagazacilik.com\/index.php\/wp-json\/wp\/v2\/product_tag?post=29580"}],"curies":[{"name":"wp","href":"https:\/\/api.w.org\/{rel}","templated":true}]}}