{"id":29518,"date":"2025-07-22T09:06:50","date_gmt":"2025-07-22T06:06:50","guid":{"rendered":"https:\/\/kervanmagazacilik.com\/?post_type=product&#038;p=29518"},"modified":"2025-07-22T09:06:51","modified_gmt":"2025-07-22T06:06:51","slug":"241063027863","status":"publish","type":"product","link":"https:\/\/kervanmagazacilik.com\/index.php\/urun\/241063027863\/","title":{"rendered":"241063027863"},"content":{"rendered":"<p>241063027863<\/p>\n<p>RANOSSE RUNNER KREM 40x120cm<\/p>\n<p>Kuma\u015f; %100 Polyester<br \/>\nAksesuar: %100 polyester<br \/>\nSadece kuru temizleme yap\u0131lmal\u0131d\u0131r<\/p>\n","protected":false},"excerpt":{"rendered":"<p>241063027863 RANOSSE RUNNER KREM 40x120cm Kuma\u015f; %100 Polyester Aksesuar: %100 polyester Sadece kuru temizleme yap\u0131lmal\u0131d\u0131r<\/p>\n","protected":false},"featured_media":29519,"template":"","meta":[],"product_brand":[],"product_cat":[3250],"product_tag":[6537],"class_list":{"0":"post-29518","1":"product","2":"type-product","3":"status-publish","4":"has-post-thumbnail","6":"product_cat-3250","7":"product_tag-6537","9":"first","10":"instock","11":"taxable","12":"shipping-taxable","13":"product-type-simple"},"_links":{"self":[{"href":"https:\/\/kervanmagazacilik.com\/index.php\/wp-json\/wp\/v2\/product\/29518","targetHints":{"allow":["GET"]}}],"collection":[{"href":"https:\/\/kervanmagazacilik.com\/index.php\/wp-json\/wp\/v2\/product"}],"about":[{"href":"https:\/\/kervanmagazacilik.com\/index.php\/wp-json\/wp\/v2\/types\/product"}],"wp:featuredmedia":[{"embeddable":true,"href":"https:\/\/kervanmagazacilik.com\/index.php\/wp-json\/wp\/v2\/media\/29519"}],"wp:attachment":[{"href":"https:\/\/kervanmagazacilik.com\/index.php\/wp-json\/wp\/v2\/media?parent=29518"}],"wp:term":[{"taxonomy":"product_brand","embeddable":true,"href":"https:\/\/kervanmagazacilik.com\/index.php\/wp-json\/wp\/v2\/product_brand?post=29518"},{"taxonomy":"product_cat","embeddable":true,"href":"https:\/\/kervanmagazacilik.com\/index.php\/wp-json\/wp\/v2\/product_cat?post=29518"},{"taxonomy":"product_tag","embeddable":true,"href":"https:\/\/kervanmagazacilik.com\/index.php\/wp-json\/wp\/v2\/product_tag?post=29518"}],"curies":[{"name":"wp","href":"https:\/\/api.w.org\/{rel}","templated":true}]}}